{"id":3791,"date":"2025-10-24T14:20:27","date_gmt":"2025-10-24T06:20:27","guid":{"rendered":"http:\/\/www.sd-facebook.com\/?post_type=product&#038;p=3791"},"modified":"2025-10-24T14:29:25","modified_gmt":"2025-10-24T06:29:25","slug":"anli21-2","status":"publish","type":"product","link":"http:\/\/www.sd-qq.com\/fr\/produit\/anli21-2\/","title":{"rendered":"Liangshan Yuzhe Machinery Equipment Co."},"content":{"rendered":"<p>Liangshan Yuzhe Machinery Equipment Co.<br \/>\nSite web :<a href=\"https:\/\/lsyz-machinery.com\/\">https:\/\/lsyz-machinery.com\/<\/a><\/p>","protected":false},"excerpt":{"rendered":"<p>Secteur : Machines et \u00e9quipements d'occasion<\/p>\n<p>Site web :<a href=\"https:\/\/lsyz-machinery.com\/\">https:\/\/lsyz-machinery.com\/<\/a><\/p>\n<h4>Avantages d'un site ind\u00e9pendant de commerce ext\u00e9rieur :<\/h4>\n<p>1.<strong>Propri\u00e9t\u00e9 de la souverainet\u00e9 commerciale<\/strong>L'entreprise est libre de s'affranchir des r\u00e8gles des plateformes tierces et des commissions, de d\u00e9velopper de mani\u00e8re ind\u00e9pendante des strat\u00e9gies de prix, des programmes de marketing et des syst\u00e8mes de gestion de la client\u00e8le, de ne pas bloquer les plateformes, de limiter le risque de flux et de rendre l'activit\u00e9 \u00e0 long terme plus stable.<\/p>\n<p>2.<strong>Atteindre un public mondial avec pr\u00e9cision<\/strong>En nous appuyant sur l'optimisation du r\u00e9f\u00e9rencement, les annonces Google, le trafic des m\u00e9dias sociaux et d'autres canaux diversifi\u00e9s, nous pouvons couvrir avec pr\u00e9cision les clients potentiels du march\u00e9 cible, briser le monopole du trafic des plateformes, r\u00e9duire le co\u00fbt d'acquisition des clients et am\u00e9liorer l'efficacit\u00e9 de la conversion.<\/p>\n<p>3.<strong>Cr\u00e9er une image de marque professionnelle<\/strong>Gr\u00e2ce \u00e0 la conception personnalis\u00e9e du site web, \u00e0 l'adaptation multilingue (prise en charge de l'anglais, de l'allemand, du fran\u00e7ais et d'autres langues courantes du commerce ext\u00e9rieur) et \u00e0 la pr\u00e9sentation de l'histoire de la marque, il renforce la sensibilisation et la confiance des clients \u00e9trangers \u00e0 l'\u00e9gard de la marque, la distingue des boutiques de plateforme homog\u00e8nes et met en valeur l'espace haut de gamme.<\/p>\n<p>4.<strong>24 heures dans le monde entier<\/strong>La gamme de produits de l'entreprise comprend : Rupture des contraintes g\u00e9ographiques et temporelles, les clients d'outre-mer peuvent consulter des informations sur les produits, soumettre des demandes de renseignements ou passer des commandes \u00e0 tout moment, ce qui augmente consid\u00e9rablement la probabilit\u00e9 de transaction, notamment en s'adaptant aux habitudes d'achat des clients situ\u00e9s dans des fuseaux horaires diff\u00e9rents.<\/p>\n<p>5.<strong>Pr\u00e9cipitation autonome des donn\u00e9es<\/strong>Il s'agit d'une ma\u00eetrise en temps r\u00e9el des donn\u00e9es essentielles telles que le trafic sur le site web, le comportement des clients, le chemin de conversion, etc. L'analyse des donn\u00e9es permet d'optimiser la pr\u00e9sentation des produits et la strat\u00e9gie de marketing, de fournir un aper\u00e7u pr\u00e9cis de la demande du march\u00e9 et d'affiner les op\u00e9rations.<\/p>\n<p>6.<strong>R\u00e9duire la d\u00e9pendance \u00e0 l'\u00e9gard des plates-formes<\/strong>R\u00e9duire la d\u00e9pendance \u00e0 l'\u00e9gard du trafic des plateformes tierces, construire une matrice de commercialisation autonome et contr\u00f4lable, maintenir des relations stables avec les clients et garantir la continuit\u00e9 de l'activit\u00e9 m\u00eame si les politiques de la plateforme changent.<\/p>\n<p>7.<strong>Engagement \u00e0 long terme rentable<\/strong>Les avantages \u00e0 long terme de la cr\u00e9ation d'un site, le second ne doit payer que les noms de domaine, les serveurs et les co\u00fbts de maintenance, par rapport aux commissions et aux co\u00fbts de publicit\u00e9 \u00e9lev\u00e9s de la plateforme, le RCI (retour sur investissement) \u00e0 long terme est plus avantageux et convient au d\u00e9veloppement \u00e0 long terme des entreprises de commerce ext\u00e9rieur.<\/p>","protected":false},"featured_media":3792,"comment_status":"open","ping_status":"closed","template":"","meta":{"_seopress_robots_primary_cat":"","_seopress_titles_title":"","_seopress_titles_desc":"","_seopress_robots_index":"","_uf_show_specific_survey":0,"_uf_disable_surveys":false,"site-sidebar-layout":"default","site-content-layout":"","ast-site-content-layout":"default","site-content-style":"default","site-sidebar-style":"default","ast-global-header-display":"","ast-banner-title-visibility":"","ast-main-header-display":"","ast-hfb-above-header-display":"","ast-hfb-below-header-display":"","ast-hfb-mobile-header-display":"","site-post-title":"","ast-breadcrumbs-content":"","ast-featured-img":"","footer-sml-layout":"","theme-transparent-header-meta":"default","adv-header-id-meta":"","stick-header-meta":"default","header-above-stick-meta":"","header-main-stick-meta":"","header-below-stick-meta":"","astra-migrate-meta-layouts":"set","ast-page-background-enabled":"default","ast-page-background-meta":{"desktop":{"background-color":"var(--ast-global-color-5)","background-image":"","background-repeat":"repeat","background-position":"center center","background-size":"auto","background-attachment":"scroll","background-type":"","background-media":"","overlay-type":"","overlay-color":"","overlay-opacity":"","overlay-gradient":""},"tablet":{"background-color":"","background-image":"","background-repeat":"repeat","background-position":"center center","background-size":"auto","background-attachment":"scroll","background-type":"","background-media":"","overlay-type":"","overlay-color":"","overlay-opacity":"","overlay-gradient":""},"mobile":{"background-color":"","background-image":"","background-repeat":"repeat","background-position":"center center","background-size":"auto","background-attachment":"scroll","background-type":"","background-media":"","overlay-type":"","overlay-color":"","overlay-opacity":"","overlay-gradient":""}},"ast-content-background-meta":{"desktop":{"background-color":"var(--ast-global-color-4)","background-image":"","background-repeat":"repeat","background-position":"center center","background-size":"auto","background-attachment":"scroll","background-type":"","background-media":"","overlay-type":"","overlay-color":"","overlay-opacity":"","overlay-gradient":""},"tablet":{"background-color":"var(--ast-global-color-4)","background-image":"","background-repeat":"repeat","background-position":"center center","background-size":"auto","background-attachment":"scroll","background-type":"","background-media":"","overlay-type":"","overlay-color":"","overlay-opacity":"","overlay-gradient":""},"mobile":{"background-color":"var(--ast-global-color-4)","background-image":"","background-repeat":"repeat","background-position":"center center","background-size":"auto","background-attachment":"scroll","background-type":"","background-media":"","overlay-type":"","overlay-color":"","overlay-opacity":"","overlay-gradient":""}}},"product_brand":[],"product_cat":[20],"product_tag":[],"class_list":{"0":"post-3791","1":"product","2":"type-product","3":"status-publish","4":"has-post-thumbnail","6":"product_cat-wordpress","7":"desktop-align-center","8":"tablet-align-left","9":"mobile-align-left","10":"ast-product-gallery-layout-horizontal-slider","11":"ast-product-gallery-with-no-image","12":"ast-product-tabs-layout-horizontal","14":"first","15":"instock","16":"shipping-taxable","17":"product-type-simple"},"_links":{"self":[{"href":"http:\/\/www.sd-qq.com\/fr\/wp-json\/wp\/v2\/product\/3791","targetHints":{"allow":["GET"]}}],"collection":[{"href":"http:\/\/www.sd-qq.com\/fr\/wp-json\/wp\/v2\/product"}],"about":[{"href":"http:\/\/www.sd-qq.com\/fr\/wp-json\/wp\/v2\/types\/product"}],"replies":[{"embeddable":true,"href":"http:\/\/www.sd-qq.com\/fr\/wp-json\/wp\/v2\/comments?post=3791"}],"wp:featuredmedia":[{"embeddable":true,"href":"http:\/\/www.sd-qq.com\/fr\/wp-json\/wp\/v2\/media\/3792"}],"wp:attachment":[{"href":"http:\/\/www.sd-qq.com\/fr\/wp-json\/wp\/v2\/media?parent=3791"}],"wp:term":[{"taxonomy":"product_brand","embeddable":true,"href":"http:\/\/www.sd-qq.com\/fr\/wp-json\/wp\/v2\/product_brand?post=3791"},{"taxonomy":"product_cat","embeddable":true,"href":"http:\/\/www.sd-qq.com\/fr\/wp-json\/wp\/v2\/product_cat?post=3791"},{"taxonomy":"product_tag","embeddable":true,"href":"http:\/\/www.sd-qq.com\/fr\/wp-json\/wp\/v2\/product_tag?post=3791"}],"curies":[{"name":"wp","href":"https:\/\/api.w.org\/{rel}","templated":true}]}}