{"id":3667,"date":"2025-10-11T18:26:12","date_gmt":"2025-10-11T10:26:12","guid":{"rendered":"http:\/\/www.sd-facebook.com\/?post_type=product&#038;p=3667"},"modified":"2025-12-25T16:54:01","modified_gmt":"2025-12-25T08:54:01","slug":"facebook-anli5","status":"publish","type":"product","link":"http:\/\/www.sd-qq.com\/fr\/produit\/facebook-anli5\/","title":{"rendered":"Facebook - Fabrication d'\u00e9quipements"},"content":{"rendered":"<p>Nom du client : Shengdiao CNC Woodworking Machinery | Shengdiao CNC<br \/>\nIndustrie : Fabrication d'\u00e9quipements \/ Travail du bois \/ Machines CNC<\/p>\n<p>Date de d\u00e9but : 22 mai 2025<br \/>\nDur\u00e9e de la coop\u00e9ration : environ 3 mois<br \/>\nR\u00e9sultats du dernier mois de fonctionnement de la page d'accueil de Facebook :<br \/>\nNombre de fans : 10 000<br \/>\nLes fans sont acquis gr\u00e2ce \u00e0 un ciblage pr\u00e9cis des publicit\u00e9s, avec une croissance r\u00e9guli\u00e8re et une bonne interaction.<\/p>\n<p>R\u00e9sultats publicitaires du mois de juillet :<br \/>\nNombre de formulaires : 61 au total<br \/>\nDemandes de renseignements par WhatsApp : 580 au total<\/p>\n<p>Zone de placement : Moyen-Orient, Asie du Sud-Est et autres march\u00e9s industriels \u00e9mergents<\/p>\n<p>R\u00e9sum\u00e9 des faits saillants op\u00e9rationnels :<br \/>\nLe contenu de l'annonce se concentre sur l'utilisation r\u00e9elle de l'\u00e9quipement CNC de Shengdiao dans la fabrication de meubles, le traitement d\u00e9coratif et les sc\u00e9narios de formation pratique et d'enseignement, transmettant efficacement la force du produit et la pertinence de l'industrie, et renfor\u00e7ant le professionnalisme de la marque et la confiance du march\u00e9. L'effet global de la promotion est constant et a permis d'\u00e9tablir les bases cognitives du march\u00e9 r\u00e9gional, jetant ainsi des bases solides pour l'expansion ult\u00e9rieure des march\u00e9s \u00e0 fort potentiel et le d\u00e9veloppement des agents locaux.<\/p>","protected":false},"excerpt":{"rendered":"<p>Nom du client : Shengdiao CNC Woodworking Machinery | Shengdiao CNC<br \/>\nIndustrie : Fabrication d'\u00e9quipements \/ Travail du bois \/ Machines CNC<\/p>\n<p>Date de d\u00e9but : 22 mai 2025<br \/>\nDur\u00e9e de la coop\u00e9ration : environ 3 mois<br \/>\n<strong>R\u00e9sultats du dernier mois de fonctionnement de la page d'accueil de Facebook :<\/strong><br \/>\nNombre de ventilateurs :<strong>10 000 personnes<\/strong><br \/>\nLes fans sont acquis gr\u00e2ce \u00e0 un ciblage pr\u00e9cis des publicit\u00e9s, avec une croissance r\u00e9guli\u00e8re et une bonne interaction.<\/p>\n<p><strong>R\u00e9sultats publicitaires du mois de juillet :<\/strong><br \/>\nFormulaire clients potentiels : total<strong>61<\/strong>clause (de loi ou de trait\u00e9)<br \/>\nDemandes de renseignements par WhatsApp : total<strong>580<\/strong>clause (de loi ou de trait\u00e9)<\/p>\n<p><strong>R\u00e9sum\u00e9 des faits saillants op\u00e9rationnels :<\/strong><br \/>\nLe contenu de l'annonce se concentre sur l'utilisation r\u00e9elle de l'\u00e9quipement CNC de Shengdiao dans la fabrication de meubles, le traitement d\u00e9coratif et les sc\u00e9narios de formation pratique et d'enseignement, ce qui transmet efficacement la force du produit et l'ad\u00e9quation de l'industrie, et renforce le professionnalisme de la marque et le sentiment de confiance sur le march\u00e9.<br \/>\nL'effet global de la promotion est constant et a permis d'\u00e9tablir une base de reconnaissance du march\u00e9 r\u00e9gional, jetant ainsi des bases solides pour l'expansion ult\u00e9rieure des march\u00e9s \u00e0 fort potentiel et le d\u00e9veloppement des agents locaux.<\/p>","protected":false},"featured_media":4006,"comment_status":"open","ping_status":"closed","template":"","meta":{"_seopress_robots_primary_cat":"none","_seopress_titles_title":"","_seopress_titles_desc":"","_seopress_robots_index":"","_uf_show_specific_survey":0,"_uf_disable_surveys":false,"site-sidebar-layout":"default","site-content-layout":"","ast-site-content-layout":"default","site-content-style":"default","site-sidebar-style":"default","ast-global-header-display":"","ast-banner-title-visibility":"","ast-main-header-display":"","ast-hfb-above-header-display":"","ast-hfb-below-header-display":"","ast-hfb-mobile-header-display":"","site-post-title":"","ast-breadcrumbs-content":"","ast-featured-img":"","footer-sml-layout":"","theme-transparent-header-meta":"default","adv-header-id-meta":"","stick-header-meta":"default","header-above-stick-meta":"","header-main-stick-meta":"","header-below-stick-meta":"","astra-migrate-meta-layouts":"set","ast-page-background-enabled":"default","ast-page-background-meta":{"desktop":{"background-color":"var(--ast-global-color-5)","background-image":"","background-repeat":"repeat","background-position":"center center","background-size":"auto","background-attachment":"scroll","background-type":"","background-media":"","overlay-type":"","overlay-color":"","overlay-opacity":"","overlay-gradient":""},"tablet":{"background-color":"","background-image":"","background-repeat":"repeat","background-position":"center center","background-size":"auto","background-attachment":"scroll","background-type":"","background-media":"","overlay-type":"","overlay-color":"","overlay-opacity":"","overlay-gradient":""},"mobile":{"background-color":"","background-image":"","background-repeat":"repeat","background-position":"center center","background-size":"auto","background-attachment":"scroll","background-type":"","background-media":"","overlay-type":"","overlay-color":"","overlay-opacity":"","overlay-gradient":""}},"ast-content-background-meta":{"desktop":{"background-color":"var(--ast-global-color-4)","background-image":"","background-repeat":"repeat","background-position":"center center","background-size":"auto","background-attachment":"scroll","background-type":"","background-media":"","overlay-type":"","overlay-color":"","overlay-opacity":"","overlay-gradient":""},"tablet":{"background-color":"var(--ast-global-color-4)","background-image":"","background-repeat":"repeat","background-position":"center center","background-size":"auto","background-attachment":"scroll","background-type":"","background-media":"","overlay-type":"","overlay-color":"","overlay-opacity":"","overlay-gradient":""},"mobile":{"background-color":"var(--ast-global-color-4)","background-image":"","background-repeat":"repeat","background-position":"center center","background-size":"auto","background-attachment":"scroll","background-type":"","background-media":"","overlay-type":"","overlay-color":"","overlay-opacity":"","overlay-gradient":""}}},"product_brand":[],"product_cat":[43],"product_tag":[],"class_list":{"0":"post-3667","1":"product","2":"type-product","3":"status-publish","4":"has-post-thumbnail","6":"product_cat-facebook","7":"desktop-align-center","8":"tablet-align-left","9":"mobile-align-left","10":"ast-product-gallery-layout-horizontal-slider","11":"ast-product-gallery-with-no-image","12":"ast-product-tabs-layout-horizontal","14":"first","15":"instock","16":"shipping-taxable","17":"product-type-simple"},"_links":{"self":[{"href":"http:\/\/www.sd-qq.com\/fr\/wp-json\/wp\/v2\/product\/3667","targetHints":{"allow":["GET"]}}],"collection":[{"href":"http:\/\/www.sd-qq.com\/fr\/wp-json\/wp\/v2\/product"}],"about":[{"href":"http:\/\/www.sd-qq.com\/fr\/wp-json\/wp\/v2\/types\/product"}],"replies":[{"embeddable":true,"href":"http:\/\/www.sd-qq.com\/fr\/wp-json\/wp\/v2\/comments?post=3667"}],"wp:featuredmedia":[{"embeddable":true,"href":"http:\/\/www.sd-qq.com\/fr\/wp-json\/wp\/v2\/media\/4006"}],"wp:attachment":[{"href":"http:\/\/www.sd-qq.com\/fr\/wp-json\/wp\/v2\/media?parent=3667"}],"wp:term":[{"taxonomy":"product_brand","embeddable":true,"href":"http:\/\/www.sd-qq.com\/fr\/wp-json\/wp\/v2\/product_brand?post=3667"},{"taxonomy":"product_cat","embeddable":true,"href":"http:\/\/www.sd-qq.com\/fr\/wp-json\/wp\/v2\/product_cat?post=3667"},{"taxonomy":"product_tag","embeddable":true,"href":"http:\/\/www.sd-qq.com\/fr\/wp-json\/wp\/v2\/product_tag?post=3667"}],"curies":[{"name":"wp","href":"https:\/\/api.w.org\/{rel}","templated":true}]}}