{"id":3663,"date":"2025-10-11T18:21:54","date_gmt":"2025-10-11T10:21:54","guid":{"rendered":"http:\/\/www.sd-facebook.com\/?post_type=product&#038;p=3663"},"modified":"2025-12-25T16:57:10","modified_gmt":"2025-12-25T08:57:10","slug":"facebook-anli4","status":"publish","type":"product","link":"http:\/\/www.sd-qq.com\/fr\/produit\/facebook-anli4\/","title":{"rendered":"Facebook - Dispositifs pour un mode de vie sain"},"content":{"rendered":"<p><strong>Nom du client : SUNA Health | SUNA Health<\/strong><br \/>\nSecteurs : Home Health \/ Sauna \/ Healthy Lifestyle Equipment<br \/>\nDate de d\u00e9but : 3 juillet 2025<br \/>\nDur\u00e9e de la coop\u00e9ration : 1 mois<br \/>\nR\u00e9sultats op\u00e9rationnels de la page Facebook :<br \/>\nNombre de fans : 7 594<br \/>\nLa page d'accueil met l'accent sur la pr\u00e9sentation de produits de grande valeur et sur le contenu relatif aux sciences de la sant\u00e9, fa\u00e7onnant ainsi une image de marque professionnelle et confortable.<br \/>\nLe contenu a un rythme d\u00e9tendu et un style frais, ce qui correspond au concept de vie saine des utilisateurs de familles d'outre-mer et renforce leur sentiment d'identit\u00e9.<br \/>\nR\u00e9sultats annonc\u00e9s (juillet 2025) :<br \/>\n<strong>Annonces de formulaires :<\/strong><br \/>\nNombre de pistes : 77<br \/>\nAnnonces de demande de renseignements WhatsApp :<br \/>\nNombre de demandes de renseignements : 106<br \/>\nLes publicit\u00e9s sont bas\u00e9es sur des sc\u00e9narios familiaux, des concepts de bien-\u00eatre et les bienfaits de la th\u00e9rapie par la chaleur, avec une performance coh\u00e9rente qui attire une client\u00e8le de qualit\u00e9.<br \/>\nZone de placement : les \u00c9tats-Unis, le Canada, l'Allemagne, l'Australie et d'autres march\u00e9s matures qui mettent l'accent sur la sant\u00e9 familiale et la qualit\u00e9 de vie.<br \/>\n<strong>R\u00e9sum\u00e9 des faits saillants op\u00e9rationnels :<\/strong><br \/>\nSe concentrer sur le contenu \"mode de vie sain\" pour rapprocher la marque de son public.<br \/>\nLes annonces sous forme de formulaire se concentrent sur la consultation sur rendez-vous\/les besoins personnalis\u00e9s, en s'adaptant aux march\u00e9s B+C.<br \/>\nLes annonces WhatsApp sont r\u00e9actives et permettent aux petits clients de communiquer avec les distributeurs.<br \/>\nLe mat\u00e9riel cr\u00e9atif est visuellement attrayant et combine des donn\u00e9es sur les b\u00e9n\u00e9fices pour la sant\u00e9 afin de renforcer la cr\u00e9dibilit\u00e9 de la publicit\u00e9.<br \/>\nLa performance des donn\u00e9es initiales est meilleure que pr\u00e9vu et devrait encore amplifier l'ampleur de la conversion des annonces \u00e0 l'avenir.<\/p>","protected":false},"excerpt":{"rendered":"<p>Nom du client : SUNA Health | SUNA Health<br \/>\nL'industrie :<strong>Home Produits de sant\u00e9 \/ Sauna \/ \u00c9quipement pour un mode de vie sain<\/strong><br \/>\nHeure de d\u00e9but :<strong>Lettre dat\u00e9e du 3 juillet 2025 du repr\u00e9sentant permanent de l'Union europ\u00e9enne (UE)<\/strong><br \/>\nDur\u00e9e de la coop\u00e9ration :<strong>Travaillent ensemble depuis 1 mois<\/strong><\/p>\n<p><strong>R\u00e9sultats op\u00e9rationnels de la page Facebook<\/strong>: :<br \/>\nNombre de ventilateurs :<strong>7,594<\/strong><br \/>\nLa page d'accueil met l'accent sur la pr\u00e9sentation de produits de grande valeur et sur le contenu relatif aux sciences de la sant\u00e9, fa\u00e7onnant ainsi une image de marque professionnelle et confortable.<br \/>\nLe contenu a un rythme d\u00e9tendu et un style frais, ce qui correspond au concept de vie saine des utilisateurs de familles d'outre-mer et renforce la reconnaissance des utilisateurs.<\/p>\n<p><strong>R\u00e9sultats annonc\u00e9s (juillet 2025)<\/strong>: :<br \/>\nAnnonces de formulaires :<br \/>\nNombre de clients potentiels :<strong>77 articles<\/strong><br \/>\nAnnonces de demande de renseignements WhatsApp :<br \/>\nNombre de demandes de renseignements :<strong>106 articles<\/strong><\/p>\n<p><strong>R\u00e9sum\u00e9 des faits saillants op\u00e9rationnels :<\/strong><br \/>\nSe concentrer sur le contenu \"mode de vie sain\" pour rapprocher la marque de son public.<br \/>\nLes annonces sous forme de formulaire se concentrent sur la consultation sur rendez-vous\/les besoins personnalis\u00e9s, en s'adaptant aux march\u00e9s B+C.<br \/>\nLes annonces WhatsApp sont r\u00e9actives et permettent aux petits clients de communiquer avec les distributeurs.<br \/>\nLe mat\u00e9riel cr\u00e9atif est visuellement attrayant et combine des donn\u00e9es sur les b\u00e9n\u00e9fices pour la sant\u00e9 afin de renforcer la cr\u00e9dibilit\u00e9 de la publicit\u00e9.<br \/>\nLa performance des donn\u00e9es initiales est meilleure que pr\u00e9vu et devrait encore amplifier l'ampleur de la conversion des annonces \u00e0 l'avenir.<\/p>","protected":false},"featured_media":4008,"comment_status":"open","ping_status":"closed","template":"","meta":{"_seopress_robots_primary_cat":"none","_seopress_titles_title":"","_seopress_titles_desc":"","_seopress_robots_index":"","_uf_show_specific_survey":0,"_uf_disable_surveys":false,"site-sidebar-layout":"default","site-content-layout":"","ast-site-content-layout":"default","site-content-style":"default","site-sidebar-style":"default","ast-global-header-display":"","ast-banner-title-visibility":"","ast-main-header-display":"","ast-hfb-above-header-display":"","ast-hfb-below-header-display":"","ast-hfb-mobile-header-display":"","site-post-title":"","ast-breadcrumbs-content":"","ast-featured-img":"","footer-sml-layout":"","theme-transparent-header-meta":"default","adv-header-id-meta":"","stick-header-meta":"default","header-above-stick-meta":"","header-main-stick-meta":"","header-below-stick-meta":"","astra-migrate-meta-layouts":"set","ast-page-background-enabled":"default","ast-page-background-meta":{"desktop":{"background-color":"var(--ast-global-color-5)","background-image":"","background-repeat":"repeat","background-position":"center center","background-size":"auto","background-attachment":"scroll","background-type":"","background-media":"","overlay-type":"","overlay-color":"","overlay-opacity":"","overlay-gradient":""},"tablet":{"background-color":"","background-image":"","background-repeat":"repeat","background-position":"center center","background-size":"auto","background-attachment":"scroll","background-type":"","background-media":"","overlay-type":"","overlay-color":"","overlay-opacity":"","overlay-gradient":""},"mobile":{"background-color":"","background-image":"","background-repeat":"repeat","background-position":"center center","background-size":"auto","background-attachment":"scroll","background-type":"","background-media":"","overlay-type":"","overlay-color":"","overlay-opacity":"","overlay-gradient":""}},"ast-content-background-meta":{"desktop":{"background-color":"var(--ast-global-color-4)","background-image":"","background-repeat":"repeat","background-position":"center center","background-size":"auto","background-attachment":"scroll","background-type":"","background-media":"","overlay-type":"","overlay-color":"","overlay-opacity":"","overlay-gradient":""},"tablet":{"background-color":"var(--ast-global-color-4)","background-image":"","background-repeat":"repeat","background-position":"center center","background-size":"auto","background-attachment":"scroll","background-type":"","background-media":"","overlay-type":"","overlay-color":"","overlay-opacity":"","overlay-gradient":""},"mobile":{"background-color":"var(--ast-global-color-4)","background-image":"","background-repeat":"repeat","background-position":"center center","background-size":"auto","background-attachment":"scroll","background-type":"","background-media":"","overlay-type":"","overlay-color":"","overlay-opacity":"","overlay-gradient":""}}},"product_brand":[],"product_cat":[43],"product_tag":[],"class_list":{"0":"post-3663","1":"product","2":"type-product","3":"status-publish","4":"has-post-thumbnail","6":"product_cat-facebook","7":"desktop-align-center","8":"tablet-align-left","9":"mobile-align-left","10":"ast-product-gallery-layout-horizontal-slider","11":"ast-product-gallery-with-no-image","12":"ast-product-tabs-layout-horizontal","14":"first","15":"instock","16":"shipping-taxable","17":"product-type-simple"},"_links":{"self":[{"href":"http:\/\/www.sd-qq.com\/fr\/wp-json\/wp\/v2\/product\/3663","targetHints":{"allow":["GET"]}}],"collection":[{"href":"http:\/\/www.sd-qq.com\/fr\/wp-json\/wp\/v2\/product"}],"about":[{"href":"http:\/\/www.sd-qq.com\/fr\/wp-json\/wp\/v2\/types\/product"}],"replies":[{"embeddable":true,"href":"http:\/\/www.sd-qq.com\/fr\/wp-json\/wp\/v2\/comments?post=3663"}],"wp:featuredmedia":[{"embeddable":true,"href":"http:\/\/www.sd-qq.com\/fr\/wp-json\/wp\/v2\/media\/4008"}],"wp:attachment":[{"href":"http:\/\/www.sd-qq.com\/fr\/wp-json\/wp\/v2\/media?parent=3663"}],"wp:term":[{"taxonomy":"product_brand","embeddable":true,"href":"http:\/\/www.sd-qq.com\/fr\/wp-json\/wp\/v2\/product_brand?post=3663"},{"taxonomy":"product_cat","embeddable":true,"href":"http:\/\/www.sd-qq.com\/fr\/wp-json\/wp\/v2\/product_cat?post=3663"},{"taxonomy":"product_tag","embeddable":true,"href":"http:\/\/www.sd-qq.com\/fr\/wp-json\/wp\/v2\/product_tag?post=3663"}],"curies":[{"name":"wp","href":"https:\/\/api.w.org\/{rel}","templated":true}]}}