{"id":3661,"date":"2025-10-11T18:19:30","date_gmt":"2025-10-11T10:19:30","guid":{"rendered":"http:\/\/www.sd-facebook.com\/?post_type=product&#038;p=3661"},"modified":"2025-12-25T16:59:02","modified_gmt":"2025-12-25T08:59:02","slug":"facebook-anli3","status":"publish","type":"product","link":"http:\/\/www.sd-qq.com\/fr\/produit\/facebook-anli3\/","title":{"rendered":"Facebook - Textile Exports"},"content":{"rendered":"<p><strong>Nom du client : Jinwu | Jinwujia<\/strong>principe masculin (tao\u00efsme)<br \/>\nSecteurs : Tissus d'ombrage \/ Efficacit\u00e9 \u00e9nerg\u00e9tique des b\u00e2timents \/ Exportations de textiles<\/p>\n<p>Date de d\u00e9but : avril 2025<br \/>\nDur\u00e9e de la coop\u00e9ration : environ 4 mois Actuellement : donn\u00e9es de juillet 2025<br \/>\nR\u00e9sultats op\u00e9rationnels de la page d'accueil de Facebook en juillet :<br \/>\nNombre de ventilateurs : 4428<br \/>\nOptimiser en permanence la structure de la page d'accueil et le style du contenu pour unifier la marque.<br \/>\nLe contenu se concentre principalement sur les sc\u00e9narios d'application des tissus de protection solaire, les avantages en termes d'\u00e9conomies d'\u00e9nergie et la d\u00e9monstration des capacit\u00e9s OEM\/ODM.<br \/>\nBonne fr\u00e9quence d'interaction avec les fans, fournissant un trafic de base stable pour la publicit\u00e9<br \/>\nR\u00e9sultats annonc\u00e9s (juillet 2025) :<br \/>\n<strong>Annonces de formulaires :<\/strong><br \/>\nNombre de pistes : 69<br \/>\nAnnonces de demande de renseignements WhatsApp :<br \/>\nNombre de demandes de renseignements : 376<br \/>\nZone de placement : les \u00c9tats-Unis, les \u00c9mirats arabes unis, l'Arabie saoudite, la Malaisie, le Vi\u00eat Nam et d'autres march\u00e9s cl\u00e9s pr\u00e9sentant une forte demande de mat\u00e9riaux de protection solaire \u00e0 faible consommation d'\u00e9nergie.<br \/>\nLa structure g\u00e9n\u00e9rale de l'annonce est bas\u00e9e sur des informations pratiques pour guider la conversion, avec un placement stable et un contr\u00f4le raisonnable des co\u00fbts.<\/p>\n<p><strong>R\u00e9sum\u00e9 des faits saillants op\u00e9rationnels :<\/strong><br \/>\nFormulaires et WhatsApp \u00e0 double canal pour atteindre efficacement les segments de client\u00e8le actifs et passifs<br \/>\nLe contenu est ax\u00e9 sur les besoins r\u00e9els des clients finaux, en mettant l'accent sur l'aspect pratique et la personnalisation des produits.<br \/>\nCibl\u00e9 et pr\u00e9cis en termes de r\u00e9gion, se concentrant sur les march\u00e9s \u00e0 fort potentiel en combinaison avec les attributs du commerce ext\u00e9rieur.<br \/>\nDes textes publicitaires clairs, accompagn\u00e9s de diagrammes d'application des produits, sont efficaces et augmentent les taux de conversion.<br \/>\nUn contenu multilingue pour r\u00e9pondre aux besoins des diff\u00e9rents march\u00e9s et renforcer l'affinit\u00e9 et la confiance des annonceurs.<\/p>","protected":false},"excerpt":{"rendered":"<p><strong>Nom du client : Jinwu | Jinwujia<\/strong>principe masculin (tao\u00efsme)<br \/>\nSecteurs : Tissus d'ombrage \/ Efficacit\u00e9 \u00e9nerg\u00e9tique des b\u00e2timents \/ Exportations de textiles<\/p>\n<p>Date de d\u00e9but : avril 2025<br \/>\nDur\u00e9e de la coop\u00e9ration : environ 4 mois Actuellement : donn\u00e9es de juillet 2025<\/p>\n<p><strong>R\u00e9sultats op\u00e9rationnels de la page d'accueil de Facebook en juillet :<\/strong><br \/>\nNombre de ventilateurs :<strong>4428<\/strong><br \/>\nOptimiser en permanence la structure de la page d'accueil et le style du contenu pour unifier la marque.<br \/>\nLe contenu se concentre principalement sur les sc\u00e9narios d'application des tissus de protection solaire, les avantages en termes d'\u00e9conomies d'\u00e9nergie et la d\u00e9monstration des capacit\u00e9s OEM\/ODM.<br \/>\nBonne fr\u00e9quence d'interaction avec les fans, fournissant un trafic de base stable pour la publicit\u00e9<\/p>\n<p><strong>R\u00e9sultats annonc\u00e9s (juillet 2025) :<\/strong><br \/>\nAnnonces de formulaires :<br \/>\nNombre de clients potentiels :<strong>69<\/strong>clause (de loi ou de trait\u00e9)<br \/>\nAnnonces de demande de renseignements WhatsApp :<br \/>\nNombre de demandes de renseignements :<strong>376<\/strong>clause (de loi ou de trait\u00e9)<\/p>\n<p><strong>R\u00e9sum\u00e9 des faits saillants op\u00e9rationnels :<\/strong><br \/>\nFormulaires et WhatsApp \u00e0 double canal pour atteindre efficacement les segments de client\u00e8le actifs et passifs<br \/>\nLe contenu est ax\u00e9 sur les besoins r\u00e9els des clients finaux, en mettant l'accent sur l'aspect pratique et la personnalisation des produits.<br \/>\nCibl\u00e9 et pr\u00e9cis en termes de r\u00e9gion, se concentrant sur les march\u00e9s \u00e0 fort potentiel en combinaison avec les attributs du commerce ext\u00e9rieur.<br \/>\nDes textes publicitaires clairs, accompagn\u00e9s de diagrammes d'application des produits, sont efficaces et augmentent les taux de conversion.<br \/>\nUn contenu multilingue pour r\u00e9pondre aux besoins des diff\u00e9rents march\u00e9s et renforcer l'affinit\u00e9 et la confiance des annonceurs.<\/p>","protected":false},"featured_media":4009,"comment_status":"open","ping_status":"closed","template":"","meta":{"_seopress_robots_primary_cat":"none","_seopress_titles_title":"","_seopress_titles_desc":"","_seopress_robots_index":"","_uf_show_specific_survey":0,"_uf_disable_surveys":false,"site-sidebar-layout":"default","site-content-layout":"","ast-site-content-layout":"default","site-content-style":"default","site-sidebar-style":"default","ast-global-header-display":"","ast-banner-title-visibility":"","ast-main-header-display":"","ast-hfb-above-header-display":"","ast-hfb-below-header-display":"","ast-hfb-mobile-header-display":"","site-post-title":"","ast-breadcrumbs-content":"","ast-featured-img":"","footer-sml-layout":"","theme-transparent-header-meta":"default","adv-header-id-meta":"","stick-header-meta":"default","header-above-stick-meta":"","header-main-stick-meta":"","header-below-stick-meta":"","astra-migrate-meta-layouts":"set","ast-page-background-enabled":"default","ast-page-background-meta":{"desktop":{"background-color":"var(--ast-global-color-5)","background-image":"","background-repeat":"repeat","background-position":"center center","background-size":"auto","background-attachment":"scroll","background-type":"","background-media":"","overlay-type":"","overlay-color":"","overlay-opacity":"","overlay-gradient":""},"tablet":{"background-color":"","background-image":"","background-repeat":"repeat","background-position":"center center","background-size":"auto","background-attachment":"scroll","background-type":"","background-media":"","overlay-type":"","overlay-color":"","overlay-opacity":"","overlay-gradient":""},"mobile":{"background-color":"","background-image":"","background-repeat":"repeat","background-position":"center center","background-size":"auto","background-attachment":"scroll","background-type":"","background-media":"","overlay-type":"","overlay-color":"","overlay-opacity":"","overlay-gradient":""}},"ast-content-background-meta":{"desktop":{"background-color":"var(--ast-global-color-4)","background-image":"","background-repeat":"repeat","background-position":"center center","background-size":"auto","background-attachment":"scroll","background-type":"","background-media":"","overlay-type":"","overlay-color":"","overlay-opacity":"","overlay-gradient":""},"tablet":{"background-color":"var(--ast-global-color-4)","background-image":"","background-repeat":"repeat","background-position":"center center","background-size":"auto","background-attachment":"scroll","background-type":"","background-media":"","overlay-type":"","overlay-color":"","overlay-opacity":"","overlay-gradient":""},"mobile":{"background-color":"var(--ast-global-color-4)","background-image":"","background-repeat":"repeat","background-position":"center center","background-size":"auto","background-attachment":"scroll","background-type":"","background-media":"","overlay-type":"","overlay-color":"","overlay-opacity":"","overlay-gradient":""}}},"product_brand":[],"product_cat":[43],"product_tag":[],"class_list":{"0":"post-3661","1":"product","2":"type-product","3":"status-publish","4":"has-post-thumbnail","6":"product_cat-facebook","7":"desktop-align-center","8":"tablet-align-left","9":"mobile-align-left","10":"ast-product-gallery-layout-horizontal-slider","11":"ast-product-gallery-with-no-image","12":"ast-product-tabs-layout-horizontal","14":"first","15":"instock","16":"shipping-taxable","17":"product-type-simple"},"_links":{"self":[{"href":"http:\/\/www.sd-qq.com\/fr\/wp-json\/wp\/v2\/product\/3661","targetHints":{"allow":["GET"]}}],"collection":[{"href":"http:\/\/www.sd-qq.com\/fr\/wp-json\/wp\/v2\/product"}],"about":[{"href":"http:\/\/www.sd-qq.com\/fr\/wp-json\/wp\/v2\/types\/product"}],"replies":[{"embeddable":true,"href":"http:\/\/www.sd-qq.com\/fr\/wp-json\/wp\/v2\/comments?post=3661"}],"wp:featuredmedia":[{"embeddable":true,"href":"http:\/\/www.sd-qq.com\/fr\/wp-json\/wp\/v2\/media\/4009"}],"wp:attachment":[{"href":"http:\/\/www.sd-qq.com\/fr\/wp-json\/wp\/v2\/media?parent=3661"}],"wp:term":[{"taxonomy":"product_brand","embeddable":true,"href":"http:\/\/www.sd-qq.com\/fr\/wp-json\/wp\/v2\/product_brand?post=3661"},{"taxonomy":"product_cat","embeddable":true,"href":"http:\/\/www.sd-qq.com\/fr\/wp-json\/wp\/v2\/product_cat?post=3661"},{"taxonomy":"product_tag","embeddable":true,"href":"http:\/\/www.sd-qq.com\/fr\/wp-json\/wp\/v2\/product_tag?post=3661"}],"curies":[{"name":"wp","href":"https:\/\/api.w.org\/{rel}","templated":true}]}}