{"id":3659,"date":"2025-10-11T18:17:41","date_gmt":"2025-10-11T10:17:41","guid":{"rendered":"http:\/\/www.sd-facebook.com\/?post_type=product&#038;p=3659"},"modified":"2025-12-25T17:00:29","modified_gmt":"2025-12-25T09:00:29","slug":"facebook-anli2","status":"publish","type":"product","link":"http:\/\/www.sd-qq.com\/fr\/produit\/facebook-anli2\/","title":{"rendered":"Facebook - \u00c9quipements industriels"},"content":{"rendered":"<p>Nom du client : Tianli Energy | Tianli Energy<br \/>\nSecteurs : Mat\u00e9riel industriel \/ Syst\u00e8mes de s\u00e9chage \/ Projets<\/p>\n<p>Date de d\u00e9but : 14 mai 2025<br \/>\nDur\u00e9e de la coop\u00e9ration : environ 3 mois<\/p>\n<p>R\u00e9sultats op\u00e9rationnels de la page d'accueil de Facebook en juillet :<br \/>\nNombre de fans : 5 954<br \/>\nLes fans sont acquis gr\u00e2ce \u00e0 un ciblage pr\u00e9cis des publicit\u00e9s, avec une croissance r\u00e9guli\u00e8re et une bonne interaction.<\/p>\n<p>R\u00e9sultats publicitaires du mois de juillet :<br \/>\nNombre de formulaires : 35 au total<br \/>\nDemandes de renseignements par WhatsApp : 154 au total<br \/>\nZone de placement : Moyen-Orient, Asie du Sud-Est, Am\u00e9rique latine et autres march\u00e9s industriels \u00e9mergents<\/p>\n<p>R\u00e9sum\u00e9 des faits saillants op\u00e9rationnels :<br \/>\nPlusieurs formats d'annonces et une combinaison de graphiques et de formulaires pour renforcer l'effet global.<br \/>\nUne publicit\u00e9 clairement structur\u00e9e, avec une page d'accueil pour la pr\u00e9sentation de la marque et la g\u00e9n\u00e9ration de leads, un formulaire pour la g\u00e9n\u00e9ration de leads et WhatsApp pour les demandes de renseignements en temps r\u00e9el.<br \/>\nCroissance stable du nombre de fans, co\u00fbts d'acquisition des clients raisonnables, avec une marge d'amplification continue<br \/>\nLa strat\u00e9gie de contenu met l'accent sur les applications techniques pratiques et les sc\u00e9narios professionnels afin de renforcer la confiance du public et sa volont\u00e9 de conversion.<\/p>","protected":false},"excerpt":{"rendered":"<p>Nom du client : Tianli Energy | Tianli Energy<br \/>\nSecteurs : Mat\u00e9riel industriel \/ Syst\u00e8mes de s\u00e9chage \/ Projets<\/p>\n<p>Date de d\u00e9but : 14 mai 2025<br \/>\nDur\u00e9e de la coop\u00e9ration : environ 3 mois<\/p>\n<p><strong>R\u00e9sultats op\u00e9rationnels de la page d'accueil de Facebook en juillet :<\/strong><br \/>\nNombre de ventilateurs :<strong>5,954<\/strong>homme<br \/>\nLes fans sont acquis gr\u00e2ce \u00e0 un ciblage pr\u00e9cis des publicit\u00e9s, avec une croissance r\u00e9guli\u00e8re et une bonne interaction.<\/p>\n<p><strong>R\u00e9sultats publicitaires du mois de juillet :<\/strong><br \/>\nFormulaire clients potentiels : total<strong>35<\/strong>clause (de loi ou de trait\u00e9)<br \/>\nDemandes de renseignements par WhatsApp : total<strong>154<\/strong>clause (de loi ou de trait\u00e9)<\/p>\n<p><strong>R\u00e9sum\u00e9 des faits saillants op\u00e9rationnels :<\/strong><br \/>\nPlusieurs formats d'annonces et une combinaison de graphiques et de formulaires pour renforcer l'effet global.<br \/>\nUne publicit\u00e9 clairement structur\u00e9e, avec une page d'accueil pour la pr\u00e9sentation de la marque et la g\u00e9n\u00e9ration de leads, un formulaire pour la g\u00e9n\u00e9ration de leads et WhatsApp pour les demandes de renseignements en temps r\u00e9el.<br \/>\nCroissance stable du nombre de fans, co\u00fbts d'acquisition des clients raisonnables, avec une marge d'amplification continue<br \/>\nLa strat\u00e9gie de contenu met l'accent sur les applications techniques pratiques et les sc\u00e9narios professionnels afin de renforcer la confiance du public et sa volont\u00e9 de conversion.<\/p>","protected":false},"featured_media":4010,"comment_status":"open","ping_status":"closed","template":"","meta":{"_seopress_robots_primary_cat":"none","_seopress_titles_title":"","_seopress_titles_desc":"","_seopress_robots_index":"","_uf_show_specific_survey":0,"_uf_disable_surveys":false,"site-sidebar-layout":"default","site-content-layout":"","ast-site-content-layout":"default","site-content-style":"default","site-sidebar-style":"default","ast-global-header-display":"","ast-banner-title-visibility":"","ast-main-header-display":"","ast-hfb-above-header-display":"","ast-hfb-below-header-display":"","ast-hfb-mobile-header-display":"","site-post-title":"","ast-breadcrumbs-content":"","ast-featured-img":"","footer-sml-layout":"","theme-transparent-header-meta":"default","adv-header-id-meta":"","stick-header-meta":"default","header-above-stick-meta":"","header-main-stick-meta":"","header-below-stick-meta":"","astra-migrate-meta-layouts":"set","ast-page-background-enabled":"default","ast-page-background-meta":{"desktop":{"background-color":"var(--ast-global-color-5)","background-image":"","background-repeat":"repeat","background-position":"center center","background-size":"auto","background-attachment":"scroll","background-type":"","background-media":"","overlay-type":"","overlay-color":"","overlay-opacity":"","overlay-gradient":""},"tablet":{"background-color":"","background-image":"","background-repeat":"repeat","background-position":"center center","background-size":"auto","background-attachment":"scroll","background-type":"","background-media":"","overlay-type":"","overlay-color":"","overlay-opacity":"","overlay-gradient":""},"mobile":{"background-color":"","background-image":"","background-repeat":"repeat","background-position":"center center","background-size":"auto","background-attachment":"scroll","background-type":"","background-media":"","overlay-type":"","overlay-color":"","overlay-opacity":"","overlay-gradient":""}},"ast-content-background-meta":{"desktop":{"background-color":"var(--ast-global-color-4)","background-image":"","background-repeat":"repeat","background-position":"center center","background-size":"auto","background-attachment":"scroll","background-type":"","background-media":"","overlay-type":"","overlay-color":"","overlay-opacity":"","overlay-gradient":""},"tablet":{"background-color":"var(--ast-global-color-4)","background-image":"","background-repeat":"repeat","background-position":"center center","background-size":"auto","background-attachment":"scroll","background-type":"","background-media":"","overlay-type":"","overlay-color":"","overlay-opacity":"","overlay-gradient":""},"mobile":{"background-color":"var(--ast-global-color-4)","background-image":"","background-repeat":"repeat","background-position":"center center","background-size":"auto","background-attachment":"scroll","background-type":"","background-media":"","overlay-type":"","overlay-color":"","overlay-opacity":"","overlay-gradient":""}}},"product_brand":[],"product_cat":[43],"product_tag":[],"class_list":{"0":"post-3659","1":"product","2":"type-product","3":"status-publish","4":"has-post-thumbnail","6":"product_cat-facebook","7":"desktop-align-center","8":"tablet-align-left","9":"mobile-align-left","10":"ast-product-gallery-layout-horizontal-slider","11":"ast-product-gallery-with-no-image","12":"ast-product-tabs-layout-horizontal","14":"first","15":"instock","16":"shipping-taxable","17":"product-type-simple"},"_links":{"self":[{"href":"http:\/\/www.sd-qq.com\/fr\/wp-json\/wp\/v2\/product\/3659","targetHints":{"allow":["GET"]}}],"collection":[{"href":"http:\/\/www.sd-qq.com\/fr\/wp-json\/wp\/v2\/product"}],"about":[{"href":"http:\/\/www.sd-qq.com\/fr\/wp-json\/wp\/v2\/types\/product"}],"replies":[{"embeddable":true,"href":"http:\/\/www.sd-qq.com\/fr\/wp-json\/wp\/v2\/comments?post=3659"}],"wp:featuredmedia":[{"embeddable":true,"href":"http:\/\/www.sd-qq.com\/fr\/wp-json\/wp\/v2\/media\/4010"}],"wp:attachment":[{"href":"http:\/\/www.sd-qq.com\/fr\/wp-json\/wp\/v2\/media?parent=3659"}],"wp:term":[{"taxonomy":"product_brand","embeddable":true,"href":"http:\/\/www.sd-qq.com\/fr\/wp-json\/wp\/v2\/product_brand?post=3659"},{"taxonomy":"product_cat","embeddable":true,"href":"http:\/\/www.sd-qq.com\/fr\/wp-json\/wp\/v2\/product_cat?post=3659"},{"taxonomy":"product_tag","embeddable":true,"href":"http:\/\/www.sd-qq.com\/fr\/wp-json\/wp\/v2\/product_tag?post=3659"}],"curies":[{"name":"wp","href":"https:\/\/api.w.org\/{rel}","templated":true}]}}