{"id":3657,"date":"2025-10-11T18:12:35","date_gmt":"2025-10-11T10:12:35","guid":{"rendered":"http:\/\/www.sd-facebook.com\/?post_type=product&#038;p=3657"},"modified":"2025-12-25T17:02:05","modified_gmt":"2025-12-25T09:02:05","slug":"facebook-anli1","status":"publish","type":"product","link":"http:\/\/www.sd-qq.com\/fr\/produit\/facebook-anli1\/","title":{"rendered":"Facebook - Intelligent Warehousing Equipment"},"content":{"rendered":"<p>Nom du client : Hercules Intelligent Storage Equipment<br \/>\nSecteurs : Syst\u00e8mes d'entreposage intelligents \/ \u00c9quipements logistiques automatis\u00e9s \/ Solutions d'automatisation industrielle<br \/>\nDate de d\u00e9but : avril 2025<br \/>\nDur\u00e9e de la coop\u00e9ration : environ 3 mois<br \/>\nR\u00e9sultats op\u00e9rationnels de la page Facebook :<br \/>\nNombre de fans : 5 108<br \/>\nLe contenu de la page se concentre sur la photographie des produits, la vid\u00e9o de d\u00e9monstration du syst\u00e8me, la pr\u00e9sentation de la structure technique, la publicit\u00e9 permettant d'accro\u00eetre r\u00e9guli\u00e8rement le nombre de fans.<br \/>\nLe ton de la marque met l'accent sur \"l'intelligence, l'efficacit\u00e9 et l'international\", ce qui renforce efficacement le professionnalisme et la cr\u00e9dibilit\u00e9.<br \/>\nR\u00e9sultats annonc\u00e9s (juillet 2025) :<br \/>\nAnnonces de formulaires :<br \/>\nNombre de pistes : 45<br \/>\nAnnonces de demande de renseignements WhatsApp :<br \/>\nNombre de demandes de renseignements : 133<br \/>\nLes annonces se pr\u00e9sentent principalement sous la forme d'organigrammes et de sc\u00e9narios d'application, avec des performances stables et un bon retour d'information.<br \/>\nZone de placement : Asie du Sud-Est, Moyen-Orient, Am\u00e9rique du Sud et autres zones \u00e0 croissance rapide de la demande d'automatisation industrielle, notamment l'Indon\u00e9sie, le Vi\u00eat Nam, le Mexique, les \u00c9mirats arabes unis, etc.<br \/>\nR\u00e9sum\u00e9 des faits saillants op\u00e9rationnels :<br \/>\nLa strat\u00e9gie est bas\u00e9e sur \"l'expertise technique + des sc\u00e9narios d'application pratique\" pour renforcer le sentiment d'immersion du client.<br \/>\nLes annonces sous forme de formulaire se concentrent sur la personnalisation du produit\/la solution d'ing\u00e9nierie afin d'obtenir des clients potentiels pr\u00e9cis du c\u00f4t\u00e9 B.<br \/>\nLes publicit\u00e9s WhatsApp mettent en avant la communication instantan\u00e9e, les conversions rapides et les interactions fr\u00e9quentes<br \/>\nRythme stable de mise \u00e0 jour du contenu, avec la logistique d'\u00e9conomie d'\u00e9nergie, les usines intelligentes et d'autres mots-cl\u00e9s chauds pour obtenir une bonne exposition.<\/p>","protected":false},"excerpt":{"rendered":"<p>Nom du client : Hercules Intelligent Storage Equipment<br \/>\nSecteurs : Syst\u00e8mes d'entreposage intelligents \/ \u00c9quipements logistiques automatis\u00e9s \/ Solutions d'automatisation industrielle<br \/>\nDate de d\u00e9but : avril 2025<br \/>\nDur\u00e9e de la coop\u00e9ration : environ 3 mois<\/p>\n<p><strong>R\u00e9sultats op\u00e9rationnels de la page Facebook :<\/strong><br \/>\nNombre de ventilateurs :<strong>5,108<\/strong>homme<br \/>\nLe contenu de la page se concentre sur la photographie des produits, la vid\u00e9o de d\u00e9monstration du syst\u00e8me, la pr\u00e9sentation de la structure technique, la publicit\u00e9 permettant d'accro\u00eetre r\u00e9guli\u00e8rement le nombre de fans.<br \/>\nLe ton de la marque met l'accent sur \"l'intelligence, l'efficacit\u00e9 et l'international\", ce qui renforce efficacement le professionnalisme et la cr\u00e9dibilit\u00e9.<\/p>\n<p><strong>R\u00e9sultats annonc\u00e9s (juillet 2025) :<\/strong><br \/>\nAnnonces de formulaires :<br \/>\nNombre de clients potentiels :<strong>45<\/strong>clause (de loi ou de trait\u00e9)<br \/>\nAnnonces de demande de renseignements WhatsApp :<br \/>\nNombre de demandes de renseignements :<strong>133<\/strong>clause (de loi ou de trait\u00e9)<\/p>\n<p><strong>R\u00e9sum\u00e9 des faits saillants op\u00e9rationnels :<\/strong><br \/>\nLa strat\u00e9gie est bas\u00e9e sur \"l'expertise technique + des sc\u00e9narios d'application pratique\" pour renforcer le sentiment d'immersion du client.<br \/>\nLes annonces sous forme de formulaire se concentrent sur la personnalisation du produit\/la solution d'ing\u00e9nierie afin d'obtenir des clients potentiels pr\u00e9cis du c\u00f4t\u00e9 B.<br \/>\nLes publicit\u00e9s WhatsApp mettent en avant la communication instantan\u00e9e, les conversions rapides et les interactions fr\u00e9quentes<br \/>\nRythme stable de mise \u00e0 jour du contenu, avec la logistique d'\u00e9conomie d'\u00e9nergie, les usines intelligentes et d'autres mots-cl\u00e9s chauds pour obtenir une bonne exposition.<\/p>","protected":false},"featured_media":4011,"comment_status":"open","ping_status":"closed","template":"","meta":{"_seopress_robots_primary_cat":"none","_seopress_titles_title":"","_seopress_titles_desc":"","_seopress_robots_index":"","_uf_show_specific_survey":0,"_uf_disable_surveys":false,"site-sidebar-layout":"default","site-content-layout":"","ast-site-content-layout":"default","site-content-style":"default","site-sidebar-style":"default","ast-global-header-display":"","ast-banner-title-visibility":"","ast-main-header-display":"","ast-hfb-above-header-display":"","ast-hfb-below-header-display":"","ast-hfb-mobile-header-display":"","site-post-title":"","ast-breadcrumbs-content":"","ast-featured-img":"","footer-sml-layout":"","theme-transparent-header-meta":"default","adv-header-id-meta":"","stick-header-meta":"default","header-above-stick-meta":"","header-main-stick-meta":"","header-below-stick-meta":"","astra-migrate-meta-layouts":"set","ast-page-background-enabled":"default","ast-page-background-meta":{"desktop":{"background-color":"var(--ast-global-color-5)","background-image":"","background-repeat":"repeat","background-position":"center center","background-size":"auto","background-attachment":"scroll","background-type":"","background-media":"","overlay-type":"","overlay-color":"","overlay-opacity":"","overlay-gradient":""},"tablet":{"background-color":"","background-image":"","background-repeat":"repeat","background-position":"center center","background-size":"auto","background-attachment":"scroll","background-type":"","background-media":"","overlay-type":"","overlay-color":"","overlay-opacity":"","overlay-gradient":""},"mobile":{"background-color":"","background-image":"","background-repeat":"repeat","background-position":"center center","background-size":"auto","background-attachment":"scroll","background-type":"","background-media":"","overlay-type":"","overlay-color":"","overlay-opacity":"","overlay-gradient":""}},"ast-content-background-meta":{"desktop":{"background-color":"var(--ast-global-color-4)","background-image":"","background-repeat":"repeat","background-position":"center center","background-size":"auto","background-attachment":"scroll","background-type":"","background-media":"","overlay-type":"","overlay-color":"","overlay-opacity":"","overlay-gradient":""},"tablet":{"background-color":"var(--ast-global-color-4)","background-image":"","background-repeat":"repeat","background-position":"center center","background-size":"auto","background-attachment":"scroll","background-type":"","background-media":"","overlay-type":"","overlay-color":"","overlay-opacity":"","overlay-gradient":""},"mobile":{"background-color":"var(--ast-global-color-4)","background-image":"","background-repeat":"repeat","background-position":"center center","background-size":"auto","background-attachment":"scroll","background-type":"","background-media":"","overlay-type":"","overlay-color":"","overlay-opacity":"","overlay-gradient":""}}},"product_brand":[],"product_cat":[43],"product_tag":[],"class_list":{"0":"post-3657","1":"product","2":"type-product","3":"status-publish","4":"has-post-thumbnail","6":"product_cat-facebook","7":"desktop-align-center","8":"tablet-align-left","9":"mobile-align-left","10":"ast-product-gallery-layout-horizontal-slider","11":"ast-product-gallery-with-no-image","12":"ast-product-tabs-layout-horizontal","14":"first","15":"instock","16":"shipping-taxable","17":"product-type-simple"},"_links":{"self":[{"href":"http:\/\/www.sd-qq.com\/fr\/wp-json\/wp\/v2\/product\/3657","targetHints":{"allow":["GET"]}}],"collection":[{"href":"http:\/\/www.sd-qq.com\/fr\/wp-json\/wp\/v2\/product"}],"about":[{"href":"http:\/\/www.sd-qq.com\/fr\/wp-json\/wp\/v2\/types\/product"}],"replies":[{"embeddable":true,"href":"http:\/\/www.sd-qq.com\/fr\/wp-json\/wp\/v2\/comments?post=3657"}],"wp:featuredmedia":[{"embeddable":true,"href":"http:\/\/www.sd-qq.com\/fr\/wp-json\/wp\/v2\/media\/4011"}],"wp:attachment":[{"href":"http:\/\/www.sd-qq.com\/fr\/wp-json\/wp\/v2\/media?parent=3657"}],"wp:term":[{"taxonomy":"product_brand","embeddable":true,"href":"http:\/\/www.sd-qq.com\/fr\/wp-json\/wp\/v2\/product_brand?post=3657"},{"taxonomy":"product_cat","embeddable":true,"href":"http:\/\/www.sd-qq.com\/fr\/wp-json\/wp\/v2\/product_cat?post=3657"},{"taxonomy":"product_tag","embeddable":true,"href":"http:\/\/www.sd-qq.com\/fr\/wp-json\/wp\/v2\/product_tag?post=3657"}],"curies":[{"name":"wp","href":"https:\/\/api.w.org\/{rel}","templated":true}]}}