{"id":3652,"date":"2025-10-11T18:09:29","date_gmt":"2025-10-11T10:09:29","guid":{"rendered":"http:\/\/www.sd-facebook.com\/?post_type=product&#038;p=3652"},"modified":"2025-12-25T17:05:04","modified_gmt":"2025-12-25T09:05:04","slug":"tiktok-anli3","status":"publish","type":"product","link":"http:\/\/www.sd-qq.com\/fr\/produit\/tiktok-anli3\/","title":{"rendered":"tiktok - Industrie des machines de construction"},"content":{"rendered":"<p>Industrie des machines de construction :<br \/>\n(Machines de travail a\u00e9rien, grues, chariots \u00e9l\u00e9vateurs, machines de nivellement)<\/p>\n<p>Difficult\u00e9 pour le client : les plateformes traditionnelles font tout, et le co\u00fbt d'acquisition des clients est \u00e9lev\u00e9.<br \/>\nLe groupe exp\u00e9rimente une matrice de vid\u00e9os courtes \u00e0 l'\u00e9tranger pour stimuler la promotion de la marque et la g\u00e9n\u00e9ration de trafic<\/p>\n<p>Plus de 8 000 adeptes en deux mois et 300 000 vues pour une seule vid\u00e9o<br \/>\n150 demandes pour une seule vid\u00e9o, plus de 2 millions de dollars de commandes en 2 mois.<\/p>","protected":false},"excerpt":{"rendered":"<p>Industrie des machines de construction :<br \/>\n(Machines de travail a\u00e9rien, grues, chariots \u00e9l\u00e9vateurs, machines de nivellement)<\/p>\n<p>Difficult\u00e9 pour le client : les plateformes traditionnelles font tout, et le co\u00fbt d'acquisition des clients est \u00e9lev\u00e9.<br \/>\nLe groupe exp\u00e9rimente une matrice de vid\u00e9os courtes \u00e0 l'\u00e9tranger pour stimuler la promotion de la marque et la g\u00e9n\u00e9ration de trafic<\/p>\n<p>Deux mois de fans<strong>8000<\/strong>Lecture de plusieurs vid\u00e9os en une seule fois<strong>30<\/strong>dix mille<br \/>\nDemande de vid\u00e9o unique<strong>150<\/strong>2 commandes en 2 mois<strong>Plus de 2 millions de dollars.<\/strong><\/p>","protected":false},"featured_media":4013,"comment_status":"open","ping_status":"closed","template":"","meta":{"_seopress_robots_primary_cat":"none","_seopress_titles_title":"","_seopress_titles_desc":"","_seopress_robots_index":"","_uf_show_specific_survey":0,"_uf_disable_surveys":false,"site-sidebar-layout":"default","site-content-layout":"","ast-site-content-layout":"default","site-content-style":"default","site-sidebar-style":"default","ast-global-header-display":"","ast-banner-title-visibility":"","ast-main-header-display":"","ast-hfb-above-header-display":"","ast-hfb-below-header-display":"","ast-hfb-mobile-header-display":"","site-post-title":"","ast-breadcrumbs-content":"","ast-featured-img":"","footer-sml-layout":"","theme-transparent-header-meta":"default","adv-header-id-meta":"","stick-header-meta":"default","header-above-stick-meta":"","header-main-stick-meta":"","header-below-stick-meta":"","astra-migrate-meta-layouts":"set","ast-page-background-enabled":"default","ast-page-background-meta":{"desktop":{"background-color":"var(--ast-global-color-5)","background-image":"","background-repeat":"repeat","background-position":"center center","background-size":"auto","background-attachment":"scroll","background-type":"","background-media":"","overlay-type":"","overlay-color":"","overlay-opacity":"","overlay-gradient":""},"tablet":{"background-color":"","background-image":"","background-repeat":"repeat","background-position":"center center","background-size":"auto","background-attachment":"scroll","background-type":"","background-media":"","overlay-type":"","overlay-color":"","overlay-opacity":"","overlay-gradient":""},"mobile":{"background-color":"","background-image":"","background-repeat":"repeat","background-position":"center center","background-size":"auto","background-attachment":"scroll","background-type":"","background-media":"","overlay-type":"","overlay-color":"","overlay-opacity":"","overlay-gradient":""}},"ast-content-background-meta":{"desktop":{"background-color":"var(--ast-global-color-4)","background-image":"","background-repeat":"repeat","background-position":"center center","background-size":"auto","background-attachment":"scroll","background-type":"","background-media":"","overlay-type":"","overlay-color":"","overlay-opacity":"","overlay-gradient":""},"tablet":{"background-color":"var(--ast-global-color-4)","background-image":"","background-repeat":"repeat","background-position":"center center","background-size":"auto","background-attachment":"scroll","background-type":"","background-media":"","overlay-type":"","overlay-color":"","overlay-opacity":"","overlay-gradient":""},"mobile":{"background-color":"var(--ast-global-color-4)","background-image":"","background-repeat":"repeat","background-position":"center center","background-size":"auto","background-attachment":"scroll","background-type":"","background-media":"","overlay-type":"","overlay-color":"","overlay-opacity":"","overlay-gradient":""}}},"product_brand":[],"product_cat":[20],"product_tag":[],"class_list":{"0":"post-3652","1":"product","2":"type-product","3":"status-publish","4":"has-post-thumbnail","6":"product_cat-wordpress","7":"desktop-align-center","8":"tablet-align-left","9":"mobile-align-left","10":"ast-product-gallery-layout-horizontal-slider","11":"ast-product-gallery-with-no-image","12":"ast-product-tabs-layout-horizontal","14":"first","15":"instock","16":"shipping-taxable","17":"product-type-simple"},"_links":{"self":[{"href":"http:\/\/www.sd-qq.com\/fr\/wp-json\/wp\/v2\/product\/3652","targetHints":{"allow":["GET"]}}],"collection":[{"href":"http:\/\/www.sd-qq.com\/fr\/wp-json\/wp\/v2\/product"}],"about":[{"href":"http:\/\/www.sd-qq.com\/fr\/wp-json\/wp\/v2\/types\/product"}],"replies":[{"embeddable":true,"href":"http:\/\/www.sd-qq.com\/fr\/wp-json\/wp\/v2\/comments?post=3652"}],"wp:featuredmedia":[{"embeddable":true,"href":"http:\/\/www.sd-qq.com\/fr\/wp-json\/wp\/v2\/media\/4013"}],"wp:attachment":[{"href":"http:\/\/www.sd-qq.com\/fr\/wp-json\/wp\/v2\/media?parent=3652"}],"wp:term":[{"taxonomy":"product_brand","embeddable":true,"href":"http:\/\/www.sd-qq.com\/fr\/wp-json\/wp\/v2\/product_brand?post=3652"},{"taxonomy":"product_cat","embeddable":true,"href":"http:\/\/www.sd-qq.com\/fr\/wp-json\/wp\/v2\/product_cat?post=3652"},{"taxonomy":"product_tag","embeddable":true,"href":"http:\/\/www.sd-qq.com\/fr\/wp-json\/wp\/v2\/product_tag?post=3652"}],"curies":[{"name":"wp","href":"https:\/\/api.w.org\/{rel}","templated":true}]}}