{"id":2615,"date":"2025-09-30T09:08:52","date_gmt":"2025-09-30T01:08:52","guid":{"rendered":"http:\/\/www.sd-facebook.com\/?page_id=2615"},"modified":"2026-01-05T11:30:00","modified_gmt":"2026-01-05T03:30:00","slug":"google-gmail","status":"publish","type":"page","link":"http:\/\/www.sd-qq.com\/fr\/googletg\/google-gmail\/","title":{"rendered":"Annonces Google Gmail"},"content":{"rendered":"<div data-elementor-type=\"wp-page\" data-elementor-id=\"2615\" class=\"elementor elementor-2615\" data-elementor-post-type=\"page\">\n\t\t\t\t<div class=\"elementor-element elementor-element-6f1ef932 e-con-full e-flex e-con e-parent\" data-id=\"6f1ef932\" data-element_type=\"container\" data-settings=\"{&quot;background_background&quot;:&quot;classic&quot;}\">\n\t\t\t\t<\/div>\n\t\t<div class=\"elementor-element elementor-element-27120b85 e-con-full e-flex e-con e-parent\" data-id=\"27120b85\" data-element_type=\"container\" data-settings=\"{&quot;background_background&quot;:&quot;classic&quot;}\">\n\t\t<div class=\"elementor-element elementor-element-2368a89 e-flex e-con-boxed e-con e-child\" data-id=\"2368a89\" data-element_type=\"container\">\n\t\t\t\t\t<div class=\"e-con-inner\">\n\t\t\t\t<div class=\"elementor-element elementor-element-189582c5 elementor-widget elementor-widget-heading\" data-id=\"189582c5\" data-element_type=\"widget\" data-widget_type=\"heading.default\">\n\t\t\t\t\t\t\t<h2 class=\"elementor-heading-title elementor-size-default\">Annonces Google<\/h2>\t\t\t\t<\/div>\n\t\t\t\t<div class=\"elementor-element elementor-element-70e1f11a elementor-widget elementor-widget-text-editor\" data-id=\"70e1f11a\" data-element_type=\"widget\" data-widget_type=\"text-editor.default\">\n\t\t\t\t\t\t\t\t\t\t\t<p>Google Overseas Marketing<\/p>\t\t\t\t\t\t\t\t<\/div>\n\t\t\t\t<div class=\"elementor-element elementor-element-440ae5c5 elementor-widget-divider--view-line elementor-widget elementor-widget-divider\" data-id=\"440ae5c5\" data-element_type=\"widget\" data-widget_type=\"divider.default\">\n\t\t\t\t\t\t\t\t\t<div class=\"elementor-divider\">\n\t\t\t<span class=\"elementor-divider-separator\">\n\t\t\t\t\t\t<\/span>\n\t\t<\/div>\n\t\t\t\t\t\t<\/div>\n\t\t<div class=\"elementor-element elementor-element-6ec2323c e-con-full e-flex e-con e-child\" data-id=\"6ec2323c\" data-element_type=\"container\">\n\t\t\t\t<div class=\"elementor-element elementor-element-25af2dfb elementor-widget__width-initial elementor-position-top elementor-widget elementor-widget-image-box\" data-id=\"25af2dfb\" data-element_type=\"widget\" data-widget_type=\"image-box.default\">\n\t\t\t\t\t\t\t<div class=\"elementor-image-box-wrapper\"><figure class=\"elementor-image-box-img\"><img decoding=\"async\" width=\"90\" height=\"90\" src=\"http:\/\/www.sd-qq.com\/wp-content\/uploads\/2025\/09\/20180711175205850_03.png\" class=\"elementor-animation-grow attachment-full size-full wp-image-1897\" alt=\"Gmail\u5e7f\u544a,\u8c37\u6b4c\u5e7f\u544a,\u7535\u5b50\u90ae\u4ef6\u8425\u9500,\u90ae\u4ef6\u5e7f\u544a\u6295\u653e,Gmail\u63a8\u5e7f,\u5b9a\u5411\u5e7f\u544a,\u8de8\u5883\u7535\u5546,\u90ae\u7bb1\u8425\u9500,\u51c6\u8425\u9500,\u5e7f\u544a\u4f18\u5316\" srcset=\"http:\/\/www.sd-qq.com\/wp-content\/uploads\/2025\/09\/20180711175205850_03.png 90w, http:\/\/www.sd-qq.com\/wp-content\/uploads\/2025\/09\/20180711175205850_03-12x12.png 12w\" sizes=\"(max-width: 90px) 100vw, 90px\" \/><\/figure><div class=\"elementor-image-box-content\"><h3 class=\"elementor-image-box-title\">Annonces de recherche Google<\/h3><p class=\"elementor-image-box-description\">Couvrant 981 r\u00e9gions TTP3T, 40+ langues, une large couverture et une grande pr\u00e9cision ; un nombre illimit\u00e9 de mots-cl\u00e9s\/temps de placement, peut \u00eatre ajust\u00e9 \u00e0 tout moment pour le classement, libre d'op\u00e9rer l'arri\u00e8re-plan.<\/p><\/div><\/div>\t\t\t\t<\/div>\n\t\t\t\t<div class=\"elementor-element elementor-element-174687d4 elementor-widget__width-initial elementor-position-top elementor-widget elementor-widget-image-box\" data-id=\"174687d4\" data-element_type=\"widget\" data-widget_type=\"image-box.default\">\n\t\t\t\t\t\t\t<div class=\"elementor-image-box-wrapper\"><figure class=\"elementor-image-box-img\"><img decoding=\"async\" width=\"90\" height=\"90\" src=\"http:\/\/www.sd-qq.com\/wp-content\/uploads\/2025\/09\/20180711175205850_03-1.png\" class=\"elementor-animation-grow attachment-full size-full wp-image-1904\" alt=\"Gmail\u5e7f\u544a,\u8c37\u6b4c\u5e7f\u544a,\u7535\u5b50\u90ae\u4ef6\u8425\u9500,\u90ae\u4ef6\u5e7f\u544a\u6295\u653e,Gmail\u63a8\u5e7f,\u5b9a\u5411\u5e7f\u544a,\u8de8\u5883\u7535\u5546,\u90ae\u7bb1\u8425\u9500,\u51c6\u8425\u9500,\u5e7f\u544a\u4f18\u5316\" srcset=\"http:\/\/www.sd-qq.com\/wp-content\/uploads\/2025\/09\/20180711175205850_03-1.png 90w, http:\/\/www.sd-qq.com\/wp-content\/uploads\/2025\/09\/20180711175205850_03-1-12x12.png 12w\" sizes=\"(max-width: 90px) 100vw, 90px\" \/><\/figure><div class=\"elementor-image-box-content\"><h3 class=\"elementor-image-box-title\">Annonces Google Display<\/h3><p class=\"elementor-image-box-description\">Google Display Ads couvre 96% plateformes internet, y compris les sites d'actualit\u00e9s \u00e9trangers, les sites vid\u00e9o \u00e9trangers, les sites industriels et les plateformes B2B \u00e9trang\u00e8res.<\/p><\/div><\/div>\t\t\t\t<\/div>\n\t\t\t\t<div class=\"elementor-element elementor-element-28f8a918 elementor-widget__width-initial elementor-position-top elementor-widget elementor-widget-image-box\" data-id=\"28f8a918\" data-element_type=\"widget\" data-widget_type=\"image-box.default\">\n\t\t\t\t\t\t\t<div class=\"elementor-image-box-wrapper\"><figure class=\"elementor-image-box-img\"><img decoding=\"async\" width=\"90\" height=\"90\" src=\"http:\/\/www.sd-qq.com\/wp-content\/uploads\/2025\/09\/20180711175205850_03-3.png\" class=\"elementor-animation-grow attachment-full size-full wp-image-1910\" alt=\"Gmail\u5e7f\u544a,\u8c37\u6b4c\u5e7f\u544a,\u7535\u5b50\u90ae\u4ef6\u8425\u9500,\u90ae\u4ef6\u5e7f\u544a\u6295\u653e,Gmail\u63a8\u5e7f,\u5b9a\u5411\u5e7f\u544a,\u8de8\u5883\u7535\u5546,\u90ae\u7bb1\u8425\u9500,\u51c6\u8425\u9500,\u5e7f\u544a\u4f18\u5316\" srcset=\"http:\/\/www.sd-qq.com\/wp-content\/uploads\/2025\/09\/20180711175205850_03-3.png 90w, http:\/\/www.sd-qq.com\/wp-content\/uploads\/2025\/09\/20180711175205850_03-3-12x12.png 12w\" sizes=\"(max-width: 90px) 100vw, 90px\" \/><\/figure><div class=\"elementor-image-box-content\"><h3 class=\"elementor-image-box-title\">Annonces mobiles de Google<\/h3><p class=\"elementor-image-box-description\">Affichage via les applications mobiles, recherche mobile, facile \u00e0 mettre en place pour les applications mobiles Google et AdMob. <\/p><\/div><\/div>\t\t\t\t<\/div>\n\t\t\t\t<div class=\"elementor-element elementor-element-63e0d8af elementor-widget__width-initial elementor-position-top elementor-widget elementor-widget-image-box\" data-id=\"63e0d8af\" data-element_type=\"widget\" data-widget_type=\"image-box.default\">\n\t\t\t\t\t\t\t<div class=\"elementor-image-box-wrapper\"><figure class=\"elementor-image-box-img\"><img loading=\"lazy\" decoding=\"async\" width=\"90\" height=\"90\" src=\"http:\/\/www.sd-qq.com\/wp-content\/uploads\/2025\/09\/20180711175205850_03-4.png\" class=\"elementor-animation-grow attachment-full size-full wp-image-1912\" alt=\"Gmail\u5e7f\u544a,\u8c37\u6b4c\u5e7f\u544a,\u7535\u5b50\u90ae\u4ef6\u8425\u9500,\u90ae\u4ef6\u5e7f\u544a\u6295\u653e,Gmail\u63a8\u5e7f,\u5b9a\u5411\u5e7f\u544a,\u8de8\u5883\u7535\u5546,\u90ae\u7bb1\u8425\u9500,\u51c6\u8425\u9500,\u5e7f\u544a\u4f18\u5316\" srcset=\"http:\/\/www.sd-qq.com\/wp-content\/uploads\/2025\/09\/20180711175205850_03-4.png 90w, http:\/\/www.sd-qq.com\/wp-content\/uploads\/2025\/09\/20180711175205850_03-4-12x12.png 12w\" sizes=\"(max-width: 90px) 100vw, 90px\" \/><\/figure><div class=\"elementor-image-box-content\"><h3 class=\"elementor-image-box-title\">Annonces Gmail<\/h3><p class=\"elementor-image-box-description\">Gmail est l'application de messagerie \u00e9lectronique la plus populaire, avec plus d'un milliard d'utilisateurs dans le monde. Ciblez vos publicit\u00e9s exclusivement sur Gmail, avec des publicit\u00e9s en plein \u00e9cran diffus\u00e9es directement dans les bo\u00eetes de r\u00e9ception de vos utilisateurs !<\/p><\/div><\/div>\t\t\t\t<\/div>\n\t\t\t\t<div class=\"elementor-element elementor-element-1c742422 elementor-widget__width-initial elementor-position-top elementor-widget elementor-widget-image-box\" data-id=\"1c742422\" data-element_type=\"widget\" data-widget_type=\"image-box.default\">\n\t\t\t\t\t\t\t<div class=\"elementor-image-box-wrapper\"><figure class=\"elementor-image-box-img\"><img loading=\"lazy\" decoding=\"async\" width=\"90\" height=\"90\" src=\"http:\/\/www.sd-qq.com\/wp-content\/uploads\/2025\/09\/20180711175205850_03-5.png\" class=\"elementor-animation-grow attachment-full size-full wp-image-1913\" alt=\"Gmail\u5e7f\u544a,\u8c37\u6b4c\u5e7f\u544a,\u7535\u5b50\u90ae\u4ef6\u8425\u9500,\u90ae\u4ef6\u5e7f\u544a\u6295\u653e,Gmail\u63a8\u5e7f,\u5b9a\u5411\u5e7f\u544a,\u8de8\u5883\u7535\u5546,\u90ae\u7bb1\u8425\u9500,\u51c6\u8425\u9500,\u5e7f\u544a\u4f18\u5316\" srcset=\"http:\/\/www.sd-qq.com\/wp-content\/uploads\/2025\/09\/20180711175205850_03-5.png 90w, http:\/\/www.sd-qq.com\/wp-content\/uploads\/2025\/09\/20180711175205850_03-5-12x12.png 12w\" sizes=\"(max-width: 90px) 100vw, 90px\" \/><\/figure><div class=\"elementor-image-box-content\"><h3 class=\"elementor-image-box-title\"> Annonces vid\u00e9o sur YouTube<\/h3><p class=\"elementor-image-box-description\">Le plus grand site web vid\u00e9o du monde, avec 80% internautes dans le monde, 5 milliards d'affichages publicitaires quotidiens et 1 milliard de visiteurs mensuels.  <\/p><\/div><\/div>\t\t\t\t<\/div>\n\t\t\t\t<\/div>\n\t\t\t\t\t<\/div>\n\t\t\t\t<\/div>\n\t\t\t\t<\/div>\n\t\t<div class=\"elementor-element elementor-element-572ab092 e-con-full e-flex e-con e-parent\" data-id=\"572ab092\" data-element_type=\"container\">\n\t\t<div class=\"elementor-element elementor-element-48ad9b93 e-flex e-con-boxed e-con e-child\" data-id=\"48ad9b93\" data-element_type=\"container\">\n\t\t\t\t\t<div class=\"e-con-inner\">\n\t\t\t\t<div class=\"elementor-element elementor-element-275811ac elementor-widget elementor-widget-heading\" data-id=\"275811ac\" data-element_type=\"widget\" data-widget_type=\"heading.default\">\n\t\t\t\t\t\t\t<h2 class=\"elementor-heading-title elementor-size-default\">Annonces Gmail<\/h2>\t\t\t\t<\/div>\n\t\t\t\t<div class=\"elementor-element elementor-element-f2b130e elementor-widget-divider--view-line elementor-widget elementor-widget-divider\" data-id=\"f2b130e\" data-element_type=\"widget\" data-widget_type=\"divider.default\">\n\t\t\t\t\t\t\t\t\t<div class=\"elementor-divider\">\n\t\t\t<span class=\"elementor-divider-separator\">\n\t\t\t\t\t\t<\/span>\n\t\t<\/div>\n\t\t\t\t\t\t<\/div>\n\t\t<div class=\"elementor-element elementor-element-d4ea4b2 e-con-full e-flex e-con e-child\" data-id=\"d4ea4b2\" data-element_type=\"container\">\n\t\t\t\t<div class=\"elementor-element elementor-element-4aa45a7 elementor-widget elementor-widget-text-editor\" data-id=\"4aa45a7\" data-element_type=\"widget\" data-widget_type=\"text-editor.default\">\n\t\t\t\t\t\t\t\t\t\t\tGmail - le syst\u00e8me de messagerie \u00e9lectronique le plus utilis\u00e9 au monde\t\t\t\t\t\t\t\t<\/div>\n\t\t\t\t<div class=\"elementor-element elementor-element-629c159 elementor-widget elementor-widget-image\" data-id=\"629c159\" data-element_type=\"widget\" data-widget_type=\"image.default\">\n\t\t\t\t\t\t\t\t\t\t\t\t\t\t\t\t\t<img loading=\"lazy\" decoding=\"async\" width=\"949\" height=\"449\" src=\"http:\/\/www.sd-qq.com\/wp-content\/uploads\/2025\/09\/20181126100330924.png\" class=\"attachment-large size-large wp-image-2633\" alt=\"Gmail\u5e7f\u544a,\u8c37\u6b4c\u5e7f\u544a,\u7535\u5b50\u90ae\u4ef6\u8425\u9500,\u90ae\u4ef6\u5e7f\u544a\u6295\u653e,Gmail\u63a8\u5e7f,\u5b9a\u5411\u5e7f\u544a,\u8de8\u5883\u7535\u5546,\u90ae\u7bb1\u8425\u9500,\u51c6\u8425\u9500,\u5e7f\u544a\u4f18\u5316\" srcset=\"http:\/\/www.sd-qq.com\/wp-content\/uploads\/2025\/09\/20181126100330924.png 949w, http:\/\/www.sd-qq.com\/wp-content\/uploads\/2025\/09\/20181126100330924-300x142.png 300w, http:\/\/www.sd-qq.com\/wp-content\/uploads\/2025\/09\/20181126100330924-768x363.png 768w, http:\/\/www.sd-qq.com\/wp-content\/uploads\/2025\/09\/20181126100330924-18x9.png 18w, http:\/\/www.sd-qq.com\/wp-content\/uploads\/2025\/09\/20181126100330924-600x284.png 600w\" sizes=\"(max-width: 949px) 100vw, 949px\" \/>\t\t\t\t\t\t\t\t\t\t\t\t\t\t\t<\/div>\n\t\t\t\t<\/div>\n\t\t\t\t\t<\/div>\n\t\t\t\t<\/div>\n\t\t\t\t<\/div>\n\t\t<div class=\"elementor-element elementor-element-15f85d57 e-con-full e-flex e-con e-parent\" data-id=\"15f85d57\" data-element_type=\"container\">\n\t\t<div class=\"elementor-element elementor-element-c2814ca e-flex e-con-boxed e-con e-child\" data-id=\"c2814ca\" data-element_type=\"container\">\n\t\t\t\t\t<div class=\"e-con-inner\">\n\t\t\t\t<div class=\"elementor-element elementor-element-4baae1aa elementor-widget elementor-widget-heading\" data-id=\"4baae1aa\" data-element_type=\"widget\" data-widget_type=\"heading.default\">\n\t\t\t\t\t\t\t<h2 class=\"elementor-heading-title elementor-size-default\">Qu'est-ce que les publicit\u00e9s Gmail ?<\/h2>\t\t\t\t<\/div>\n\t\t\t\t<div class=\"elementor-element elementor-element-316b364e elementor-widget-divider--view-line elementor-widget elementor-widget-divider\" data-id=\"316b364e\" data-element_type=\"widget\" data-widget_type=\"divider.default\">\n\t\t\t\t\t\t\t\t\t<div class=\"elementor-divider\">\n\t\t\t<span class=\"elementor-divider-separator\">\n\t\t\t\t\t\t<\/span>\n\t\t<\/div>\n\t\t\t\t\t\t<\/div>\n\t\t\t\t<div class=\"elementor-element elementor-element-a78676b elementor-widget elementor-widget-text-editor\" data-id=\"a78676b\" data-element_type=\"widget\" data-widget_type=\"text-editor.default\">\n\t\t\t\t\t\t\t\t\t\t\tGSP (Gmail Sponsored Promotions) est une plateforme publicitaire pour Gmail qui diffuse des publicit\u00e9s attrayantes en plein \u00e9cran directement dans la bo\u00eete de r\u00e9ception des consommateurs gr\u00e2ce \u00e0 des publicit\u00e9s exclusives et cibl\u00e9es dans Gmail.\t\t\t\t\t\t\t\t<\/div>\n\t\t\t\t\t<\/div>\n\t\t\t\t<\/div>\n\t\t\t\t<\/div>\n\t\t<div class=\"elementor-element elementor-element-44f346de e-con-full e-flex e-con e-parent\" data-id=\"44f346de\" data-element_type=\"container\">\n\t\t<div class=\"elementor-element elementor-element-e95f4a4 e-flex e-con-boxed e-con e-child\" data-id=\"e95f4a4\" data-element_type=\"container\">\n\t\t\t\t\t<div class=\"e-con-inner\">\n\t\t\t\t<div class=\"elementor-element elementor-element-131474f8 elementor-widget elementor-widget-heading\" data-id=\"131474f8\" data-element_type=\"widget\" data-widget_type=\"heading.default\">\n\t\t\t\t\t\t\t<h2 class=\"elementor-heading-title elementor-size-default\">Pourquoi Gmail ?<\/h2>\t\t\t\t<\/div>\n\t\t\t\t<div class=\"elementor-element elementor-element-14d09458 elementor-widget-divider--view-line elementor-widget elementor-widget-divider\" data-id=\"14d09458\" data-element_type=\"widget\" data-widget_type=\"divider.default\">\n\t\t\t\t\t\t\t\t\t<div class=\"elementor-divider\">\n\t\t\t<span class=\"elementor-divider-separator\">\n\t\t\t\t\t\t<\/span>\n\t\t<\/div>\n\t\t\t\t\t\t<\/div>\n\t\t\t\t<div class=\"elementor-element elementor-element-6a5a72b elementor-widget elementor-widget-text-editor\" data-id=\"6a5a72b\" data-element_type=\"widget\" data-widget_type=\"text-editor.default\">\n\t\t\t\t\t\t\t\t\t\t\tGmail est l'application de messagerie \u00e9lectronique la plus populaire, avec plus d'un milliard d'utilisateurs dans le monde !\t\t\t\t\t\t\t\t<\/div>\n\t\t\t\t\t<\/div>\n\t\t\t\t<\/div>\n\t\t\t\t<\/div>\n\t\t<div class=\"elementor-element elementor-element-1e7fa891 e-con-full e-flex e-con e-parent\" data-id=\"1e7fa891\" data-element_type=\"container\">\n\t\t<div class=\"elementor-element elementor-element-332ae8ee e-flex e-con-boxed e-con e-child\" data-id=\"332ae8ee\" data-element_type=\"container\">\n\t\t\t\t\t<div class=\"e-con-inner\">\n\t\t\t\t<div class=\"elementor-element elementor-element-1d0ce2d9 elementor-widget elementor-widget-heading\" data-id=\"1d0ce2d9\" data-element_type=\"widget\" data-widget_type=\"heading.default\">\n\t\t\t\t\t\t\t<h2 class=\"elementor-heading-title elementor-size-default\">Comment cibler les publicit\u00e9s Gmail ?<\/h2>\t\t\t\t<\/div>\n\t\t\t\t<div class=\"elementor-element elementor-element-3c102c66 elementor-widget-divider--view-line elementor-widget elementor-widget-divider\" data-id=\"3c102c66\" data-element_type=\"widget\" data-widget_type=\"divider.default\">\n\t\t\t\t\t\t\t\t\t<div class=\"elementor-divider\">\n\t\t\t<span class=\"elementor-divider-separator\">\n\t\t\t\t\t\t<\/span>\n\t\t<\/div>\n\t\t\t\t\t\t<\/div>\n\t\t\t\t<div class=\"elementor-element elementor-element-5b6ff9d elementor-widget elementor-widget-text-editor\" data-id=\"5b6ff9d\" data-element_type=\"widget\" data-widget_type=\"text-editor.default\">\n\t\t\t\t\t\t\t\t\t\t\t<p>1) Atteindre des clients avec des profils d'audience sp\u00e9cifiques : vous pouvez cibler vos clients des cinq mani\u00e8res suivantes<br \/>1) \u00c2ge\/sexe<br \/>2) Zone g\u00e9ographique\/langue<br \/>3) Dispositifs<br \/>4) Sujets\/int\u00e9r\u00eats (publics par affinit\u00e9)<br \/>5) Mots-cl\u00e9s\/Domaines :<\/p><p>Les annonceurs peuvent ajouter le nom de domaine cibl\u00e9 aux mots-cl\u00e9s annonc\u00e9s, par exemple en ajoutant exemple.com aux mots-cl\u00e9s.<\/p><p>Notez que les m\u00e9thodes de ciblage li\u00e9es aux caract\u00e9ristiques de l'audience sont bas\u00e9es sur des donn\u00e9es accessibles aux utilisateurs de Gmail (inscription \u00e0 un site utilisant Gmail) ou d\u00e9duites par le syst\u00e8me. D'autres m\u00e9thodes de ciblage sont bas\u00e9es sur le contenu non spam le plus r\u00e9cent re\u00e7u par l'utilisateur.<br \/><br \/>2. vous pouvez ajouter des publicit\u00e9s Gmail \u00e0 des campagnes d'affichage existantes ou nouvellement cr\u00e9\u00e9es. (Nous vous recommandons de cr\u00e9er une nouvelle campagne pour les publicit\u00e9s Gmail afin de g\u00e9rer vos publicit\u00e9s plus facilement).<br \/>3) Dans le groupe Annonces, ajoutez mail.google.com en ciblant l'emplacement d'affichage de vos annonces Gmail afin que vos annonces apparaissent dans les bo\u00eetes aux lettres des utilisateurs de Gmail.<br \/>Pour Gmail, veuillez s\u00e9lectionner l'option \"Cibler et ench\u00e9rir\" dans les options de crit\u00e8res de ciblage.<br \/>4. les publicit\u00e9s Gmail ont une fr\u00e9quence d'affichage optimale. Le plafond de fr\u00e9quence fixe le nombre maximum de fois qu'une publicit\u00e9 peut \u00eatre montr\u00e9e \u00e0 un utilisateur (jusqu'\u00e0 4 fois par semaine et par utilisateur).<\/p>\t\t\t\t\t\t\t\t<\/div>\n\t\t\t\t\t<\/div>\n\t\t\t\t<\/div>\n\t\t\t\t<\/div>\n\t\t<div class=\"elementor-element elementor-element-4679b254 e-con-full e-flex e-con e-parent\" data-id=\"4679b254\" data-element_type=\"container\">\n\t\t<div class=\"elementor-element elementor-element-1edfe6ca e-flex e-con-boxed e-con e-child\" data-id=\"1edfe6ca\" data-element_type=\"container\">\n\t\t\t\t\t<div class=\"e-con-inner\">\n\t\t\t\t<div class=\"elementor-element elementor-element-6b4ed1 elementor-widget elementor-widget-heading\" data-id=\"6b4ed1\" data-element_type=\"widget\" data-widget_type=\"heading.default\">\n\t\t\t\t\t\t\t<h2 class=\"elementor-heading-title elementor-size-default\">Quelles sont les formes que prennent les publicit\u00e9s Gmail ?<\/h2>\t\t\t\t<\/div>\n\t\t\t\t<div class=\"elementor-element elementor-element-53bc954b elementor-widget-divider--view-line elementor-widget elementor-widget-divider\" data-id=\"53bc954b\" data-element_type=\"widget\" data-widget_type=\"divider.default\">\n\t\t\t\t\t\t\t\t\t<div class=\"elementor-divider\">\n\t\t\t<span class=\"elementor-divider-separator\">\n\t\t\t\t\t\t<\/span>\n\t\t<\/div>\n\t\t\t\t\t\t<\/div>\n\t\t\t\t<div class=\"elementor-element elementor-element-5366fe4 elementor-widget elementor-widget-text-editor\" data-id=\"5366fe4\" data-element_type=\"widget\" data-widget_type=\"text-editor.default\">\n\t\t\t\t\t\t\t\t\t\t\t<p>1) Les publicit\u00e9s Gmail peuvent \u00eatre affich\u00e9es dans l'onglet \"Promotions\" de la bo\u00eete de r\u00e9ception sur diff\u00e9rents appareils. Si un utilisateur de Gmail l'ouvre sur un ordinateur, il verra 2 publicit\u00e9s ; s'il l'ouvre sur un t\u00e9l\u00e9phone portable, il n'en verra qu'une.<br \/>2) Lorsqu'un utilisateur de Gmail clique sur une publicit\u00e9, la page compl\u00e8te de la publicit\u00e9 lui est pr\u00e9sent\u00e9e comme s'il avait ouvert un courrier \u00e9lectronique et, actuellement, les annonceurs ne sont tenus de payer que pour ce clic.<br \/>3. les annonceurs Gmail peuvent cr\u00e9er des publicit\u00e9s Gmail dans la Galerie de cr\u00e9ation publicitaire. (Remarque : un groupe de publicit\u00e9s doit avoir une publicit\u00e9 Gmail et une position d'affichage mail.google.com pour \u00eatre affich\u00e9 dans Gmail).<br \/>4. formulaires publicitaires personnalis\u00e9s : vous pouvez cr\u00e9er des publicit\u00e9s Gmail \u00e0 l'aide des mod\u00e8les publicitaires suivants, y compris les options de t\u00e9l\u00e9chargement HTML personnalis\u00e9, les mod\u00e8les d'image, les mod\u00e8les de promotion unique et les mod\u00e8les multi-produits. Vous pouvez ajouter un lien vers le site web, un lien vers le t\u00e9l\u00e9phone, un formulaire int\u00e9gr\u00e9 ou une vid\u00e9o dans l'option de t\u00e9l\u00e9chargement HTML personnalis\u00e9.<br \/>Le nombre maximum de fois qu'un utilisateur peut \u00eatre affich\u00e9 (jusqu'\u00e0 4 fois par semaine par utilisateur).<\/p>\t\t\t\t\t\t\t\t<\/div>\n\t\t\t\t\t<\/div>\n\t\t\t\t<\/div>\n\t\t\t\t<\/div>\n\t\t\t\t<\/div>","protected":false},"excerpt":{"rendered":"<p>Google Ads \u8c37\u6b4c\u6d77\u5916\u8425\u9500 Go [&hellip;]<\/p>","protected":false},"author":1,"featured_media":0,"parent":64,"menu_order":0,"comment_status":"closed","ping_status":"closed","template":"","meta":{"_seopress_robots_primary_cat":"","_seopress_titles_title":"\u5916\u8054\u79d1\u6280\uff1a\u4e13\u4e1aGmail\u5e7f\u544a\u63a8\u5e7f\u670d\u52a1\uff0c\u52a9\u529b\u4f01\u4e1a\u7cbe\u51c6\u8425\u9500","_seopress_titles_desc":"Gmail\u5e7f\u544a\u662f\u901a\u8fc7\u8c37\u6b4c\u7684\u7535\u5b50\u90ae\u4ef6\u5e73\u53f0\u76f4\u63a5\u89e6\u8fbe\u7528\u6237\u7684\u91cd\u8981\u8425\u9500\u5de5\u5177\u3002\u5c71\u4e1c\u5916\u8054\u7f51\u7edc\u79d1\u6280\u6709\u9650\u516c\u53f8\u4e3a\u5916\u8d38\u4f01\u4e1a\u63d0\u4f9b\u4e13\u4e1a\u7684Gmail\u5e7f\u544a\u63a8\u5e7f\u670d\u52a1\uff0c\u5229\u7528Google Ads\u5f3a\u5927\u7684\u5e7f\u544a\u6295\u653e\u529f\u80fd\uff0c\u5e2e\u52a9\u60a8\u7cbe\u51c6\u5b9a\u4f4d\u6f5c\u5728\u5ba2\u6237\uff0c\u901a\u8fc7\u5b9a\u5411\u5e7f\u544a\u63d0\u9ad8\u54c1\u724c\u66dd\u5149\u5ea6\u548c\u4e1a\u52a1\u8f6c\u5316\u7387\u3002\u4f5c\u4e3a\u8c37\u6b4c\u4e00\u7ea7\u4ee3\u7406\u5546\uff0c\u6211\u4eec\u4e0d\u4ec5\u63d0\u4f9bGmail\u5e7f\u544a\u6295\u653e\u7684\u7b56\u7565\u5236\u5b9a\u548c\u6267\u884c\uff0c\u8fd8\u4e3a\u60a8\u63d0\u4f9b\u5e7f\u544a\u4f18\u5316\u548c\u6548\u679c\u5206\u6790\uff0c\u786e\u4fdd\u60a8\u7684\u6bcf\u4e00\u7b14\u6295\u5165\u90fd\u80fd\u5e26\u6765\u6700\u5927\u56de\u62a5\u3002\u65e0\u8bba\u60a8\u662f\u5bfb\u6c42\u63d0\u9ad8\u54c1\u724c\u77e5\u540d\u5ea6\u3001\u589e\u52a0\u9500\u552e\u8f6c\u5316\uff0c\u8fd8\u662f\u5e0c\u671b\u5728\u5168\u7403\u8303\u56f4\u5185\u7cbe\u51c6\u9501\u5b9a\u5ba2\u6237\uff0c\u5916\u8054\u79d1\u6280\u90fd\u80fd\u4e3a\u60a8\u5b9a\u5236\u6700\u5408\u9002\u7684Gmail\u5e7f\u544a\u89e3\u51b3\u65b9\u6848\u3002","_seopress_robots_index":"","_uf_show_specific_survey":0,"_uf_disable_surveys":false,"site-sidebar-layout":"no-sidebar","site-content-layout":"","ast-site-content-layout":"full-width-container","site-content-style":"default","site-sidebar-style":"default","ast-global-header-display":"","ast-banner-title-visibility":"","ast-main-header-display":"","ast-hfb-above-header-display":"","ast-hfb-below-header-display":"","ast-hfb-mobile-header-display":"","site-post-title":"disabled","ast-breadcrumbs-content":"","ast-featured-img":"disabled","footer-sml-layout":"","theme-transparent-header-meta":"default","adv-header-id-meta":"","stick-header-meta":"default","header-above-stick-meta":"","header-main-stick-meta":"","header-below-stick-meta":"","astra-migrate-meta-layouts":"set","ast-page-background-enabled":"default","ast-page-background-meta":{"desktop":{"background-color":"var(--ast-global-color-5)","background-image":"","background-repeat":"repeat","background-position":"center center","background-size":"auto","background-attachment":"scroll","background-type":"","background-media":"","overlay-type":"","overlay-color":"","overlay-opacity":"","overlay-gradient":""},"tablet":{"background-color":"","background-image":"","background-repeat":"repeat","background-position":"center center","background-size":"auto","background-attachment":"scroll","background-type":"","background-media":"","overlay-type":"","overlay-color":"","overlay-opacity":"","overlay-gradient":""},"mobile":{"background-color":"","background-image":"","background-repeat":"repeat","background-position":"center center","background-size":"auto","background-attachment":"scroll","background-type":"","background-media":"","overlay-type":"","overlay-color":"","overlay-opacity":"","overlay-gradient":""}},"ast-content-background-meta":{"desktop":{"background-color":"var(--ast-global-color-4)","background-image":"","background-repeat":"repeat","background-position":"center center","background-size":"auto","background-attachment":"scroll","background-type":"","background-media":"","overlay-type":"","overlay-color":"","overlay-opacity":"","overlay-gradient":""},"tablet":{"background-color":"var(--ast-global-color-4)","background-image":"","background-repeat":"repeat","background-position":"center center","background-size":"auto","background-attachment":"scroll","background-type":"","background-media":"","overlay-type":"","overlay-color":"","overlay-opacity":"","overlay-gradient":""},"mobile":{"background-color":"var(--ast-global-color-4)","background-image":"","background-repeat":"repeat","background-position":"center center","background-size":"auto","background-attachment":"scroll","background-type":"","background-media":"","overlay-type":"","overlay-color":"","overlay-opacity":"","overlay-gradient":""}},"footnotes":""},"class_list":["post-2615","page","type-page","status-publish","hentry"],"_links":{"self":[{"href":"http:\/\/www.sd-qq.com\/fr\/wp-json\/wp\/v2\/pages\/2615","targetHints":{"allow":["GET"]}}],"collection":[{"href":"http:\/\/www.sd-qq.com\/fr\/wp-json\/wp\/v2\/pages"}],"about":[{"href":"http:\/\/www.sd-qq.com\/fr\/wp-json\/wp\/v2\/types\/page"}],"author":[{"embeddable":true,"href":"http:\/\/www.sd-qq.com\/fr\/wp-json\/wp\/v2\/users\/1"}],"replies":[{"embeddable":true,"href":"http:\/\/www.sd-qq.com\/fr\/wp-json\/wp\/v2\/comments?post=2615"}],"version-history":[{"count":53,"href":"http:\/\/www.sd-qq.com\/fr\/wp-json\/wp\/v2\/pages\/2615\/revisions"}],"predecessor-version":[{"id":4244,"href":"http:\/\/www.sd-qq.com\/fr\/wp-json\/wp\/v2\/pages\/2615\/revisions\/4244"}],"up":[{"embeddable":true,"href":"http:\/\/www.sd-qq.com\/fr\/wp-json\/wp\/v2\/pages\/64"}],"wp:attachment":[{"href":"http:\/\/www.sd-qq.com\/fr\/wp-json\/wp\/v2\/media?parent=2615"}],"curies":[{"name":"wp","href":"https:\/\/api.w.org\/{rel}","templated":true}]}}