{"id":2359,"date":"2025-09-29T16:07:00","date_gmt":"2025-09-29T08:07:00","guid":{"rendered":"http:\/\/www.sd-facebook.com\/?page_id=2359"},"modified":"2026-01-05T11:33:24","modified_gmt":"2026-01-05T03:33:24","slug":"google-ss","status":"publish","type":"page","link":"http:\/\/www.sd-qq.com\/fr\/googletg\/google-ss\/","title":{"rendered":"Annonces de recherche Google"},"content":{"rendered":"<div data-elementor-type=\"wp-page\" data-elementor-id=\"2359\" class=\"elementor elementor-2359\" data-elementor-post-type=\"page\">\n\t\t\t\t<div class=\"elementor-element elementor-element-3caebf5f e-con-full e-flex e-con e-parent\" data-id=\"3caebf5f\" data-element_type=\"container\" data-settings=\"{&quot;background_background&quot;:&quot;classic&quot;}\">\n\t\t\t\t<\/div>\n\t\t<div class=\"elementor-element elementor-element-27841261 e-con-full e-flex e-con e-parent\" data-id=\"27841261\" data-element_type=\"container\" data-settings=\"{&quot;background_background&quot;:&quot;classic&quot;}\">\n\t\t<div class=\"elementor-element elementor-element-6fb2a12c e-flex e-con-boxed e-con e-child\" data-id=\"6fb2a12c\" data-element_type=\"container\">\n\t\t\t\t\t<div class=\"e-con-inner\">\n\t\t\t\t<div class=\"elementor-element elementor-element-4f637e53 elementor-widget elementor-widget-heading\" data-id=\"4f637e53\" data-element_type=\"widget\" data-widget_type=\"heading.default\">\n\t\t\t\t\t\t\t<h2 class=\"elementor-heading-title elementor-size-default\">Annonces Google<\/h2>\t\t\t\t<\/div>\n\t\t\t\t<div class=\"elementor-element elementor-element-4168fca1 elementor-widget elementor-widget-text-editor\" data-id=\"4168fca1\" data-element_type=\"widget\" data-widget_type=\"text-editor.default\">\n\t\t\t\t\t\t\t\t\t\t\t<p>Google Overseas Marketing<\/p>\t\t\t\t\t\t\t\t<\/div>\n\t\t\t\t<div class=\"elementor-element elementor-element-41c2d9b8 elementor-widget-divider--view-line elementor-widget elementor-widget-divider\" data-id=\"41c2d9b8\" data-element_type=\"widget\" data-widget_type=\"divider.default\">\n\t\t\t\t\t\t\t\t\t<div class=\"elementor-divider\">\n\t\t\t<span class=\"elementor-divider-separator\">\n\t\t\t\t\t\t<\/span>\n\t\t<\/div>\n\t\t\t\t\t\t<\/div>\n\t\t<div class=\"elementor-element elementor-element-60f521fe e-con-full e-flex e-con e-child\" data-id=\"60f521fe\" data-element_type=\"container\">\n\t\t\t\t<div class=\"elementor-element elementor-element-2ce430b6 elementor-widget__width-initial elementor-position-top elementor-widget elementor-widget-image-box\" data-id=\"2ce430b6\" data-element_type=\"widget\" data-widget_type=\"image-box.default\">\n\t\t\t\t\t\t\t<div class=\"elementor-image-box-wrapper\"><figure class=\"elementor-image-box-img\"><img decoding=\"async\" width=\"90\" height=\"90\" src=\"http:\/\/www.sd-qq.com\/wp-content\/uploads\/2025\/09\/20180711175205850_03.png\" class=\"elementor-animation-grow attachment-full size-full wp-image-1897\" alt=\"Google\u641c\u7d22\u5e7f\u544a,\u8c37\u6b4c\u5e7f\u544a,\u641c\u7d22\u5f15\u64ce\u8425\u9500,\u5173\u952e\u8bcd\u5e7f\u544a,\u8de8\u5883\u7535\u5546\u63a8\u5e7f,\u7cbe\u51c6\u6295\u653e,\u5e7f\u544a\u4f18\u5316,\u641c\u7d22\u5f15\u64ce\u4f18\u5316\uff08SEO\uff09,\u54c1\u724c\u66dd\u5149,\u5e7f\u544a\u6548\u679c\u5206\u6790\" srcset=\"http:\/\/www.sd-qq.com\/wp-content\/uploads\/2025\/09\/20180711175205850_03.png 90w, http:\/\/www.sd-qq.com\/wp-content\/uploads\/2025\/09\/20180711175205850_03-12x12.png 12w\" sizes=\"(max-width: 90px) 100vw, 90px\" \/><\/figure><div class=\"elementor-image-box-content\"><h3 class=\"elementor-image-box-title\">Annonces de recherche Google<\/h3><p class=\"elementor-image-box-description\">Couvrant 981 r\u00e9gions TTP3T, 40+ langues, une large couverture et une grande pr\u00e9cision ; un nombre illimit\u00e9 de mots-cl\u00e9s\/temps de placement, peut \u00eatre ajust\u00e9 \u00e0 tout moment pour le classement, libre d'op\u00e9rer l'arri\u00e8re-plan.<\/p><\/div><\/div>\t\t\t\t<\/div>\n\t\t\t\t<div class=\"elementor-element elementor-element-35e84452 elementor-widget__width-initial elementor-position-top elementor-widget elementor-widget-image-box\" data-id=\"35e84452\" data-element_type=\"widget\" data-widget_type=\"image-box.default\">\n\t\t\t\t\t\t\t<div class=\"elementor-image-box-wrapper\"><figure class=\"elementor-image-box-img\"><img decoding=\"async\" width=\"90\" height=\"90\" src=\"http:\/\/www.sd-qq.com\/wp-content\/uploads\/2025\/09\/20180711175205850_03-1.png\" class=\"elementor-animation-grow attachment-full size-full wp-image-1904\" alt=\"Google\u641c\u7d22\u5e7f\u544a,\u8c37\u6b4c\u5e7f\u544a,\u641c\u7d22\u5f15\u64ce\u8425\u9500,\u5173\u952e\u8bcd\u5e7f\u544a,\u8de8\u5883\u7535\u5546\u63a8\u5e7f,\u7cbe\u51c6\u6295\u653e,\u5e7f\u544a\u4f18\u5316,\u641c\u7d22\u5f15\u64ce\u4f18\u5316\uff08SEO\uff09,\u54c1\u724c\u66dd\u5149,\u5e7f\u544a\u6548\u679c\u5206\u6790\" srcset=\"http:\/\/www.sd-qq.com\/wp-content\/uploads\/2025\/09\/20180711175205850_03-1.png 90w, http:\/\/www.sd-qq.com\/wp-content\/uploads\/2025\/09\/20180711175205850_03-1-12x12.png 12w\" sizes=\"(max-width: 90px) 100vw, 90px\" \/><\/figure><div class=\"elementor-image-box-content\"><h3 class=\"elementor-image-box-title\">Annonces Google Display<\/h3><p class=\"elementor-image-box-description\">Google Display Ads couvre 96% plateformes internet, y compris les sites d'actualit\u00e9s \u00e9trangers, les sites vid\u00e9o \u00e9trangers, les sites industriels et les plateformes B2B \u00e9trang\u00e8res.<\/p><\/div><\/div>\t\t\t\t<\/div>\n\t\t\t\t<div class=\"elementor-element elementor-element-1606b0db elementor-widget__width-initial elementor-position-top elementor-widget elementor-widget-image-box\" data-id=\"1606b0db\" data-element_type=\"widget\" data-widget_type=\"image-box.default\">\n\t\t\t\t\t\t\t<div class=\"elementor-image-box-wrapper\"><figure class=\"elementor-image-box-img\"><img decoding=\"async\" width=\"90\" height=\"90\" src=\"http:\/\/www.sd-qq.com\/wp-content\/uploads\/2025\/09\/20180711175205850_03-3.png\" class=\"elementor-animation-grow attachment-full size-full wp-image-1910\" alt=\"Google\u641c\u7d22\u5e7f\u544a,\u8c37\u6b4c\u5e7f\u544a,\u641c\u7d22\u5f15\u64ce\u8425\u9500,\u5173\u952e\u8bcd\u5e7f\u544a,\u8de8\u5883\u7535\u5546\u63a8\u5e7f,\u7cbe\u51c6\u6295\u653e,\u5e7f\u544a\u4f18\u5316,\u641c\u7d22\u5f15\u64ce\u4f18\u5316\uff08SEO\uff09,\u54c1\u724c\u66dd\u5149,\u5e7f\u544a\u6548\u679c\u5206\u6790\" srcset=\"http:\/\/www.sd-qq.com\/wp-content\/uploads\/2025\/09\/20180711175205850_03-3.png 90w, http:\/\/www.sd-qq.com\/wp-content\/uploads\/2025\/09\/20180711175205850_03-3-12x12.png 12w\" sizes=\"(max-width: 90px) 100vw, 90px\" \/><\/figure><div class=\"elementor-image-box-content\"><h3 class=\"elementor-image-box-title\">Annonces mobiles de Google<\/h3><p class=\"elementor-image-box-description\">Affichage via les applications mobiles, recherche mobile, facile \u00e0 mettre en place pour les applications mobiles Google et AdMob. <\/p><\/div><\/div>\t\t\t\t<\/div>\n\t\t\t\t<div class=\"elementor-element elementor-element-7850262b elementor-widget__width-initial elementor-position-top elementor-widget elementor-widget-image-box\" data-id=\"7850262b\" data-element_type=\"widget\" data-widget_type=\"image-box.default\">\n\t\t\t\t\t\t\t<div class=\"elementor-image-box-wrapper\"><figure class=\"elementor-image-box-img\"><img loading=\"lazy\" decoding=\"async\" width=\"90\" height=\"90\" src=\"http:\/\/www.sd-qq.com\/wp-content\/uploads\/2025\/09\/20180711175205850_03-4.png\" class=\"elementor-animation-grow attachment-full size-full wp-image-1912\" alt=\"Google\u641c\u7d22\u5e7f\u544a,\u8c37\u6b4c\u5e7f\u544a,\u641c\u7d22\u5f15\u64ce\u8425\u9500,\u5173\u952e\u8bcd\u5e7f\u544a,\u8de8\u5883\u7535\u5546\u63a8\u5e7f,\u7cbe\u51c6\u6295\u653e,\u5e7f\u544a\u4f18\u5316,\u641c\u7d22\u5f15\u64ce\u4f18\u5316\uff08SEO\uff09,\u54c1\u724c\u66dd\u5149,\u5e7f\u544a\u6548\u679c\u5206\u6790\" srcset=\"http:\/\/www.sd-qq.com\/wp-content\/uploads\/2025\/09\/20180711175205850_03-4.png 90w, http:\/\/www.sd-qq.com\/wp-content\/uploads\/2025\/09\/20180711175205850_03-4-12x12.png 12w\" sizes=\"(max-width: 90px) 100vw, 90px\" \/><\/figure><div class=\"elementor-image-box-content\"><h3 class=\"elementor-image-box-title\">Annonces Gmail<\/h3><p class=\"elementor-image-box-description\">Gmail est l'application de messagerie \u00e9lectronique la plus populaire, avec plus d'un milliard d'utilisateurs dans le monde. Ciblez vos publicit\u00e9s exclusivement sur Gmail, avec des publicit\u00e9s en plein \u00e9cran diffus\u00e9es directement dans les bo\u00eetes de r\u00e9ception de vos utilisateurs !<\/p><\/div><\/div>\t\t\t\t<\/div>\n\t\t\t\t<div class=\"elementor-element elementor-element-36b8349c elementor-widget__width-initial elementor-position-top elementor-widget elementor-widget-image-box\" data-id=\"36b8349c\" data-element_type=\"widget\" data-widget_type=\"image-box.default\">\n\t\t\t\t\t\t\t<div class=\"elementor-image-box-wrapper\"><figure class=\"elementor-image-box-img\"><img loading=\"lazy\" decoding=\"async\" width=\"90\" height=\"90\" src=\"http:\/\/www.sd-qq.com\/wp-content\/uploads\/2025\/09\/20180711175205850_03-5.png\" class=\"elementor-animation-grow attachment-full size-full wp-image-1913\" alt=\"Google\u641c\u7d22\u5e7f\u544a,\u8c37\u6b4c\u5e7f\u544a,\u641c\u7d22\u5f15\u64ce\u8425\u9500,\u5173\u952e\u8bcd\u5e7f\u544a,\u8de8\u5883\u7535\u5546\u63a8\u5e7f,\u7cbe\u51c6\u6295\u653e,\u5e7f\u544a\u4f18\u5316,\u641c\u7d22\u5f15\u64ce\u4f18\u5316\uff08SEO\uff09,\u54c1\u724c\u66dd\u5149,\u5e7f\u544a\u6548\u679c\u5206\u6790\" srcset=\"http:\/\/www.sd-qq.com\/wp-content\/uploads\/2025\/09\/20180711175205850_03-5.png 90w, http:\/\/www.sd-qq.com\/wp-content\/uploads\/2025\/09\/20180711175205850_03-5-12x12.png 12w\" sizes=\"(max-width: 90px) 100vw, 90px\" \/><\/figure><div class=\"elementor-image-box-content\"><h3 class=\"elementor-image-box-title\"> Annonces vid\u00e9o sur YouTube<\/h3><p class=\"elementor-image-box-description\">Le plus grand site web vid\u00e9o du monde, avec 80% internautes dans le monde, 5 milliards d'affichages publicitaires quotidiens et 1 milliard de visiteurs mensuels.  <\/p><\/div><\/div>\t\t\t\t<\/div>\n\t\t\t\t<\/div>\n\t\t\t\t\t<\/div>\n\t\t\t\t<\/div>\n\t\t\t\t<\/div>\n\t\t<div class=\"elementor-element elementor-element-1e2c562d e-con-full e-flex e-con e-parent\" data-id=\"1e2c562d\" data-element_type=\"container\">\n\t\t<div class=\"elementor-element elementor-element-6240f749 e-flex e-con-boxed e-con e-child\" data-id=\"6240f749\" data-element_type=\"container\">\n\t\t\t\t\t<div class=\"e-con-inner\">\n\t\t\t\t<div class=\"elementor-element elementor-element-572139c2 elementor-widget elementor-widget-heading\" data-id=\"572139c2\" data-element_type=\"widget\" data-widget_type=\"heading.default\">\n\t\t\t\t\t\t\t<h2 class=\"elementor-heading-title elementor-size-default\">Annonces de recherche Google<\/h2>\t\t\t\t<\/div>\n\t\t\t\t<div class=\"elementor-element elementor-element-62d95eaa elementor-widget-divider--view-line elementor-widget elementor-widget-divider\" data-id=\"62d95eaa\" data-element_type=\"widget\" data-widget_type=\"divider.default\">\n\t\t\t\t\t\t\t\t\t<div class=\"elementor-divider\">\n\t\t\t<span class=\"elementor-divider-separator\">\n\t\t\t\t\t\t<\/span>\n\t\t<\/div>\n\t\t\t\t\t\t<\/div>\n\t\t\t\t\t<\/div>\n\t\t\t\t<\/div>\n\t\t\t\t<\/div>\n\t\t<div class=\"elementor-element elementor-element-107c611 e-con-full e-flex e-con e-parent\" data-id=\"107c611\" data-element_type=\"container\">\n\t\t<div class=\"elementor-element elementor-element-b8ed9ba e-flex e-con-boxed e-con e-child\" data-id=\"b8ed9ba\" data-element_type=\"container\">\n\t\t\t\t\t<div class=\"e-con-inner\">\n\t\t\t\t<div class=\"elementor-element elementor-element-0fc2df9 elementor-widget elementor-widget-text-editor\" data-id=\"0fc2df9\" data-element_type=\"widget\" data-widget_type=\"text-editor.default\">\n\t\t\t\t\t\t\t\t\t\t\tPart de Google dans le trafic de recherche \u00e0 l'\u00e9tranger\t\t\t\t\t\t\t\t<\/div>\n\t\t<div class=\"elementor-element elementor-element-a01e678 e-con-full e-flex e-con e-child\" data-id=\"a01e678\" data-element_type=\"container\">\n\t\t\t\t<div class=\"elementor-element elementor-element-27926b8 elementor-widget elementor-widget-image\" data-id=\"27926b8\" data-element_type=\"widget\" data-widget_type=\"image.default\">\n\t\t\t\t\t\t\t\t\t\t\t\t\t\t\t\t\t<img loading=\"lazy\" decoding=\"async\" width=\"800\" height=\"465\" src=\"http:\/\/www.sd-qq.com\/wp-content\/uploads\/2025\/09\/20180712171300309.png\" class=\"attachment-large size-large wp-image-2386\" alt=\"Google\u641c\u7d22\u5e7f\u544a,\u8c37\u6b4c\u5e7f\u544a,\u641c\u7d22\u5f15\u64ce\u8425\u9500,\u5173\u952e\u8bcd\u5e7f\u544a,\u8de8\u5883\u7535\u5546\u63a8\u5e7f,\u7cbe\u51c6\u6295\u653e,\u5e7f\u544a\u4f18\u5316,\u641c\u7d22\u5f15\u64ce\u4f18\u5316\uff08SEO\uff09,\u54c1\u724c\u66dd\u5149,\u5e7f\u544a\u6548\u679c\u5206\u6790\" srcset=\"http:\/\/www.sd-qq.com\/wp-content\/uploads\/2025\/09\/20180712171300309.png 800w, http:\/\/www.sd-qq.com\/wp-content\/uploads\/2025\/09\/20180712171300309-300x174.png 300w, http:\/\/www.sd-qq.com\/wp-content\/uploads\/2025\/09\/20180712171300309-768x446.png 768w, http:\/\/www.sd-qq.com\/wp-content\/uploads\/2025\/09\/20180712171300309-18x10.png 18w, http:\/\/www.sd-qq.com\/wp-content\/uploads\/2025\/09\/20180712171300309-600x349.png 600w\" sizes=\"(max-width: 800px) 100vw, 800px\" \/>\t\t\t\t\t\t\t\t\t\t\t\t\t\t\t<\/div>\n\t\t\t\t<\/div>\n\t\t\t\t\t<\/div>\n\t\t\t\t<\/div>\n\t\t\t\t<\/div>\n\t\t<div class=\"elementor-element elementor-element-46f7a48f e-con-full e-flex e-con e-parent\" data-id=\"46f7a48f\" data-element_type=\"container\">\n\t\t<div class=\"elementor-element elementor-element-cafd5c1 e-flex e-con-boxed e-con e-child\" data-id=\"cafd5c1\" data-element_type=\"container\">\n\t\t\t\t\t<div class=\"e-con-inner\">\n\t\t\t\t<div class=\"elementor-element elementor-element-305d871e elementor-widget elementor-widget-heading\" data-id=\"305d871e\" data-element_type=\"widget\" data-widget_type=\"heading.default\">\n\t\t\t\t\t\t\t<h2 class=\"elementor-heading-title elementor-size-default\">\nL'entreprise s'adresse aux utilisateurs du monde entier<\/h2>\t\t\t\t<\/div>\n\t\t\t\t<div class=\"elementor-element elementor-element-32966c8e elementor-widget-divider--view-line elementor-widget elementor-widget-divider\" data-id=\"32966c8e\" data-element_type=\"widget\" data-widget_type=\"divider.default\">\n\t\t\t\t\t\t\t\t\t<div class=\"elementor-divider\">\n\t\t\t<span class=\"elementor-divider-separator\">\n\t\t\t\t\t\t<\/span>\n\t\t<\/div>\n\t\t\t\t\t\t<\/div>\n\t\t<div class=\"elementor-element elementor-element-cb838cd e-con-full e-flex e-con e-child\" data-id=\"cb838cd\" data-element_type=\"container\">\n\t\t\t\t<div class=\"elementor-element elementor-element-3ce8798 elementor-widget elementor-widget-text-editor\" data-id=\"3ce8798\" data-element_type=\"widget\" data-widget_type=\"text-editor.default\">\n\t\t\t\t\t\t\t\t\t\t\tGoogle Overseas Promotion (Google) repr\u00e9sente 69% du march\u00e9 mondial de la recherche, couvrant plus de 200 pays et r\u00e9gions, avec plus de 100 interfaces linguistiques et noms de domaine internationaux.\t\t\t\t\t\t\t\t<\/div>\n\t\t<div class=\"elementor-element elementor-element-1b609ff e-con-full e-flex e-con e-child\" data-id=\"1b609ff\" data-element_type=\"container\">\n\t\t\t\t<div class=\"elementor-element elementor-element-d3e4916 elementor-widget elementor-widget-image\" data-id=\"d3e4916\" data-element_type=\"widget\" data-widget_type=\"image.default\">\n\t\t\t\t\t\t\t\t\t\t\t\t\t\t\t\t\t<img loading=\"lazy\" decoding=\"async\" width=\"766\" height=\"648\" src=\"http:\/\/www.sd-qq.com\/wp-content\/uploads\/2025\/09\/20181124113021900.jpg\" class=\"attachment-large size-large wp-image-2397\" alt=\"Google\u641c\u7d22\u5e7f\u544a,\u8c37\u6b4c\u5e7f\u544a,\u641c\u7d22\u5f15\u64ce\u8425\u9500,\u5173\u952e\u8bcd\u5e7f\u544a,\u8de8\u5883\u7535\u5546\u63a8\u5e7f,\u7cbe\u51c6\u6295\u653e,\u5e7f\u544a\u4f18\u5316,\u641c\u7d22\u5f15\u64ce\u4f18\u5316\uff08SEO\uff09,\u54c1\u724c\u66dd\u5149,\u5e7f\u544a\u6548\u679c\u5206\u6790\" srcset=\"http:\/\/www.sd-qq.com\/wp-content\/uploads\/2025\/09\/20181124113021900.jpg 766w, http:\/\/www.sd-qq.com\/wp-content\/uploads\/2025\/09\/20181124113021900-300x254.jpg 300w, http:\/\/www.sd-qq.com\/wp-content\/uploads\/2025\/09\/20181124113021900-14x12.jpg 14w, http:\/\/www.sd-qq.com\/wp-content\/uploads\/2025\/09\/20181124113021900-600x508.jpg 600w\" sizes=\"(max-width: 766px) 100vw, 766px\" \/>\t\t\t\t\t\t\t\t\t\t\t\t\t\t\t<\/div>\n\t\t<div class=\"elementor-element elementor-element-51f0b41 e-con-full e-flex e-con e-child\" data-id=\"51f0b41\" data-element_type=\"container\">\n\t\t\t\t<div class=\"elementor-element elementor-element-bf4a226 elementor-widget elementor-widget-heading\" data-id=\"bf4a226\" data-element_type=\"widget\" data-widget_type=\"heading.default\">\n\t\t\t\t\t\t\t<h2 class=\"elementor-heading-title elementor-size-default\">Les publicit\u00e9s ne s'adressent qu'\u00e0 des clients cibl\u00e9s<\/h2>\t\t\t\t<\/div>\n\t\t\t\t<div class=\"elementor-element elementor-element-4537bd5 elementor-widget elementor-widget-text-editor\" data-id=\"4537bd5\" data-element_type=\"widget\" data-widget_type=\"text-editor.default\">\n\t\t\t\t\t\t\t\t\t\t\tLes acheteurs cibl\u00e9s effectuent une recherche sur Google et les mots-cl\u00e9s pertinents d\u00e9clenchent votre annonce. Les informations relatives \u00e0 votre entreprise et \u00e0 vos produits sont affich\u00e9es directement \u00e0 l'intention des clients potentiels qui s'y int\u00e9ressent r\u00e9ellement. Les clients qui manifestent un vif int\u00e9r\u00eat ont plus de chances de conclure l'affaire.\t\t\t\t\t\t\t\t<\/div>\n\t\t\t\t<div class=\"elementor-element elementor-element-5d7bc33 elementor-widget elementor-widget-heading\" data-id=\"5d7bc33\" data-element_type=\"widget\" data-widget_type=\"heading.default\">\n\t\t\t\t\t\t\t<h2 class=\"elementor-heading-title elementor-size-default\">D\u00e9terminer clairement o\u00f9 d\u00e9penser votre investissement publicitaire<\/h2>\t\t\t\t<\/div>\n\t\t\t\t<div class=\"elementor-element elementor-element-abb5d08 elementor-widget elementor-widget-text-editor\" data-id=\"abb5d08\" data-element_type=\"widget\" data-widget_type=\"text-editor.default\">\n\t\t\t\t\t\t\t\t\t\t\t<p>Vous ne payez que lorsque quelqu'un clique sur votre annonce. Vous pouvez \u00e9galement d\u00e9cider du montant que vous souhaitez consacrer \u00e0 vos annonces.<\/p>\t\t\t\t\t\t\t\t<\/div>\n\t\t\t\t<div class=\"elementor-element elementor-element-667c473 elementor-widget elementor-widget-heading\" data-id=\"667c473\" data-element_type=\"widget\" data-widget_type=\"heading.default\">\n\t\t\t\t\t\t\t<h2 class=\"elementor-heading-title elementor-size-default\">Vous d\u00e9cidez de votre budget<\/h2>\t\t\t\t<\/div>\n\t\t\t\t<\/div>\n\t\t\t\t<div class=\"elementor-element elementor-element-904a913 elementor-widget elementor-widget-text-editor\" data-id=\"904a913\" data-element_type=\"widget\" data-widget_type=\"text-editor.default\">\n\t\t\t\t\t\t\t\t\t\t\tLe syst\u00e8me de publicit\u00e9 par mots-cl\u00e9s de Google vous donne l'autonomie de d\u00e9cider de votre budget et de votre prix, et offre des outils gratuits de suivi des r\u00e9sultats.<br>\nUn syst\u00e8me professionnel pour vous aider \u00e0 analyser votre retour sur investissement : gr\u00e2ce \u00e0 la technologie puissante et au syst\u00e8me de gestion de Google, vous pouvez r\u00e9initialiser l'efficacit\u00e9 de votre investissement en temps publicitaire en fonction de votre strat\u00e9gie d'analyse.\t\t\t\t\t\t\t\t<\/div>\n\t\t\t\t<div class=\"elementor-element elementor-element-f3ea157 elementor-widget elementor-widget-heading\" data-id=\"f3ea157\" data-element_type=\"widget\" data-widget_type=\"heading.default\">\n\t\t\t\t\t\t\t<h2 class=\"elementor-heading-title elementor-size-default\">Adapter le plan de marketing \u00e0 tout moment<\/h2>\t\t\t\t<\/div>\n\t\t\t\t<div class=\"elementor-element elementor-element-24b1886 elementor-widget elementor-widget-text-editor\" data-id=\"24b1886\" data-element_type=\"widget\" data-widget_type=\"text-editor.default\">\n\t\t\t\t\t\t\t\t\t\t\tCiblage r\u00e9gional : vous pouvez choisir de placer vos annonces dans plus de 200 pays, r\u00e9gions ou villes sp\u00e9cifiques, ou vous pouvez placer vos annonces dans des r\u00e9gions sp\u00e9cifiques.<br>\nCiblage par langue : vous pouvez choisir de cibler vos publicit\u00e9s sur les clients qui parlent une langue sp\u00e9cifique, actuellement disponible dans plus de 40 langues.<br>\nCiblage temporel : vous pouvez choisir de diffuser vos annonces \u00e0 des jours, des cr\u00e9neaux horaires ou des moments pr\u00e9cis de la semaine ou de la journ\u00e9e.\t\t\t\t\t\t\t\t<\/div>\n\t\t\t\t<\/div>\n\t\t\t\t<\/div>\n\t\t\t\t\t<\/div>\n\t\t\t\t<\/div>\n\t\t\t\t<\/div>\n\t\t\t\t<\/div>","protected":false},"excerpt":{"rendered":"<p>Google Ads \u8c37\u6b4c\u6d77\u5916\u8425\u9500 Go [&hellip;]<\/p>","protected":false},"author":1,"featured_media":0,"parent":64,"menu_order":0,"comment_status":"closed","ping_status":"closed","template":"","meta":{"_seopress_robots_primary_cat":"","_seopress_titles_title":"\u5916\u8054\u79d1\u6280\uff1a\u4e13\u4e1aGoogle\u641c\u7d22\u5e7f\u544a\u670d\u52a1\uff0c\u7cbe\u51c6\u89e6\u8fbe\u5168\u7403\u5ba2\u6237","_seopress_titles_desc":"\u4f5c\u4e3a\u8c37\u6b4c\u4e00\u7ea7\u4ee3\u7406\u5546\uff0c\u6211\u4eec\u6839\u636e\u60a8\u7684\u4ea7\u54c1\u548c\u76ee\u6807\u5e02\u573a\uff0c\u8bbe\u8ba1\u4e2a\u6027\u5316\u7684\u5e7f\u544a\u6295\u653e\u65b9\u6848\uff0c\u786e\u4fdd\u60a8\u7684\u5e7f\u544a\u89e6\u53ca\u5230\u771f\u6b63\u611f\u5174\u8da3\u7684\u53d7\u4f17\u3002\u901a\u8fc7\u5b9e\u65f6\u6570\u636e\u5206\u6790\u548c\u5e7f\u544a\u4f18\u5316\uff0c\u5916\u8054\u79d1\u6280\u52a9\u529b\u60a8\u6700\u5927\u5316\u5e7f\u544a\u6548\u679c\uff0c\u63d0\u5347\u8f6c\u5316\u7387\u548c\u6295\u8d44\u56de\u62a5\u7387\u3002\u65e0\u8bba\u662f\u63d0\u9ad8\u54c1\u724c\u77e5\u540d\u5ea6\u8fd8\u662f\u4fc3\u8fdb\u9500\u552e\u589e\u957f\uff0cGoogle\u641c\u7d22\u5e7f\u544a\u5c06\u6210\u4e3a\u60a8\u7684\u5916\u8d38\u6210\u529f\u5229\u5668\u3002Google\u641c\u7d22\u5e7f\u544a\u662f\u5916\u8d38\u4f01\u4e1a\u5728\u5168\u7403\u5e02\u573a\u4e2d\u63d0\u5347\u66dd\u5149\u3001\u589e\u52a0\u9500\u552e\u7684\u91cd\u8981\u624b\u6bb5\u3002\u5c71\u4e1c\u5916\u8054\u7f51\u7edc\u79d1\u6280\u6709\u9650\u516c\u53f8\u63d0\u4f9b\u4e13\u4e1a\u7684Google\u641c\u7d22\u5e7f\u544a\u670d\u52a1\uff0c\u5e2e\u52a9\u60a8\u901a\u8fc7\u7cbe\u51c6\u7684\u5173\u952e\u8bcd\u5e7f\u544a\u6295\u653e\uff0c\u5c06\u60a8\u7684\u54c1\u724c\u548c\u4ea7\u54c1\u5c55\u793a\u7ed9\u6709\u9700\u6c42\u7684\u6f5c\u5728\u5ba2\u6237\u3002","_seopress_robots_index":"","_uf_show_specific_survey":0,"_uf_disable_surveys":false,"site-sidebar-layout":"no-sidebar","site-content-layout":"","ast-site-content-layout":"full-width-container","site-content-style":"default","site-sidebar-style":"default","ast-global-header-display":"","ast-banner-title-visibility":"","ast-main-header-display":"","ast-hfb-above-header-display":"","ast-hfb-below-header-display":"","ast-hfb-mobile-header-display":"","site-post-title":"disabled","ast-breadcrumbs-content":"","ast-featured-img":"disabled","footer-sml-layout":"","theme-transparent-header-meta":"default","adv-header-id-meta":"","stick-header-meta":"default","header-above-stick-meta":"","header-main-stick-meta":"","header-below-stick-meta":"","astra-migrate-meta-layouts":"set","ast-page-background-enabled":"default","ast-page-background-meta":{"desktop":{"background-color":"var(--ast-global-color-5)","background-image":"","background-repeat":"repeat","background-position":"center center","background-size":"auto","background-attachment":"scroll","background-type":"","background-media":"","overlay-type":"","overlay-color":"","overlay-opacity":"","overlay-gradient":""},"tablet":{"background-color":"","background-image":"","background-repeat":"repeat","background-position":"center center","background-size":"auto","background-attachment":"scroll","background-type":"","background-media":"","overlay-type":"","overlay-color":"","overlay-opacity":"","overlay-gradient":""},"mobile":{"background-color":"","background-image":"","background-repeat":"repeat","background-position":"center center","background-size":"auto","background-attachment":"scroll","background-type":"","background-media":"","overlay-type":"","overlay-color":"","overlay-opacity":"","overlay-gradient":""}},"ast-content-background-meta":{"desktop":{"background-color":"var(--ast-global-color-4)","background-image":"","background-repeat":"repeat","background-position":"center center","background-size":"auto","background-attachment":"scroll","background-type":"","background-media":"","overlay-type":"","overlay-color":"","overlay-opacity":"","overlay-gradient":""},"tablet":{"background-color":"var(--ast-global-color-4)","background-image":"","background-repeat":"repeat","background-position":"center center","background-size":"auto","background-attachment":"scroll","background-type":"","background-media":"","overlay-type":"","overlay-color":"","overlay-opacity":"","overlay-gradient":""},"mobile":{"background-color":"var(--ast-global-color-4)","background-image":"","background-repeat":"repeat","background-position":"center center","background-size":"auto","background-attachment":"scroll","background-type":"","background-media":"","overlay-type":"","overlay-color":"","overlay-opacity":"","overlay-gradient":""}},"footnotes":""},"class_list":["post-2359","page","type-page","status-publish","hentry"],"_links":{"self":[{"href":"http:\/\/www.sd-qq.com\/fr\/wp-json\/wp\/v2\/pages\/2359","targetHints":{"allow":["GET"]}}],"collection":[{"href":"http:\/\/www.sd-qq.com\/fr\/wp-json\/wp\/v2\/pages"}],"about":[{"href":"http:\/\/www.sd-qq.com\/fr\/wp-json\/wp\/v2\/types\/page"}],"author":[{"embeddable":true,"href":"http:\/\/www.sd-qq.com\/fr\/wp-json\/wp\/v2\/users\/1"}],"replies":[{"embeddable":true,"href":"http:\/\/www.sd-qq.com\/fr\/wp-json\/wp\/v2\/comments?post=2359"}],"version-history":[{"count":65,"href":"http:\/\/www.sd-qq.com\/fr\/wp-json\/wp\/v2\/pages\/2359\/revisions"}],"predecessor-version":[{"id":4246,"href":"http:\/\/www.sd-qq.com\/fr\/wp-json\/wp\/v2\/pages\/2359\/revisions\/4246"}],"up":[{"embeddable":true,"href":"http:\/\/www.sd-qq.com\/fr\/wp-json\/wp\/v2\/pages\/64"}],"wp:attachment":[{"href":"http:\/\/www.sd-qq.com\/fr\/wp-json\/wp\/v2\/media?parent=2359"}],"curies":[{"name":"wp","href":"https:\/\/api.w.org\/{rel}","templated":true}]}}